{"id":9233,"date":"2025-01-28T20:17:18","date_gmt":"2025-01-28T20:17:18","guid":{"rendered":"https:\/\/ohnia.com.pt\/?post_type=product&#038;p=9233"},"modified":"2025-01-28T20:18:19","modified_gmt":"2025-01-28T20:18:19","slug":"tinta-4-sem-amoniaco-namony-100ml","status":"publish","type":"product","link":"https:\/\/ohnia.com.pt\/en\/ohnia-cosmetic-produtos-beleza-moda-glamour-cabeleireira-barbeiro-manicure-pedicure\/tinta-4-sem-amoniaco-namony-100ml\/","title":{"rendered":"Tinta 4 Sem Amon\u00edaco Namony 100ml"},"content":{"rendered":"<p>&#8220;Glossco NAMONY<\/p>\n<p>Corante sem amon\u00edaco Namony, colora\u00e7\u00e3o permanente sem amon\u00edaco.<\/p>\n<p>Colora\u00e7\u00e3o permanente Glossco Professional sem amon\u00edaco e sem PPD.<\/p>\n<p>Proporciona uma suavidade extra aos cabelos, cuidando deles e tratando-os durante o processo de colora\u00e7\u00e3o.<\/p>\n<p>O que contribui para o cabelo?<\/p>\n<p>A colora\u00e7\u00e3o em creme sem amon\u00edaco da Namony \u00e9 formulada com \u00f3leos de bambu e inca. Maximiza a a\u00e7\u00e3o dos seus corantes, garantindo a sua penetra\u00e7\u00e3o na cut\u00edcula. Trate e cuide do seu cabelo.<\/p>\n<p>SEM AM\u00d3NIA, SEM ODOR E SEM COMERCIANTES. Concebido com a tecnologia Tricomega Tech, proporciona at\u00e9 6 semanas de hidrata\u00e7\u00e3o gra\u00e7as \u00e0 tecnologia Tricomega Tech que incorpora \u00f3mega 3, 6 e 9 na sua f\u00f3rmula, nutrindo e hidratando a fibra capilar. Deixa o cabelo mais sedoso, bem cuidado, el\u00e1stico e com um grande conforto para o couro cabeludo. Maximiza a a\u00e7\u00e3o dos seus corantes, proporcionando a m\u00e1xima reprodu\u00e7\u00e3o de cor. F\u00e1cil penetra\u00e7\u00e3o na cut\u00edcula. Cor natural e intensa. Cobertura perfeita de cabelos grisalhos. Cores vibrantes e duradouras. Suavidade e brilho extraordin\u00e1rios.<\/p>\n<p>Sem comich\u00e3o e com um cheiro mais agrad\u00e1vel.<\/p>\n<p>Obtenha resultados e\u00a0 cores mais vivas.<\/p>\n<p>Como se aplica?<\/p>\n<p>APLICA\u00c7\u00c3O: 1+1.5 Num recipiente n\u00e3o met\u00e1lico, misture 100 ml de corante Namony com 150 ml de Oxigloss.<\/p>\n<p>Aplique nos cabelos secos e n\u00e3o lavados.<\/p>\n<p>Utilize a t\u00e9cnica desejada com um tempo m\u00e1ximo de exposi\u00e7\u00e3o de 35&#8242;.<\/p>\n<p>APLICA\u00c7\u00c3O 1+2 Misture 100 ml de tons n\u00f3rdicos Namony com 200 ml de Oxigloss num recipiente n\u00e3o met\u00e1lico.<\/p>\n<p>Aplique nos cabelos secos e n\u00e3o lavados.<\/p>\n<p>Utilize a t\u00e9cnica desejada com um tempo m\u00e1ximo de exposi\u00e7\u00e3o de 45&#8242;.<\/p>\n<p>&nbsp;<\/p>\n<p>&nbsp;<\/p>\n<p>____________________________________________________________________________<\/p>\n<p>\u201cSe a<span class=\"c-specification__question u-milli\">lgum par\u00e2metro importante pode estar faltando?\u00a0 \u00a0 \u00a0 \u00a0 \u00a0 \u00a0 \u00a0 \u00a0 \u00a0 \u00a0 \u00a0 \u00a0 \u00a0 \u00a0 \u00a0 \u00a0 \u00a0 \u00a0 \u00a0 \u00a0 \u00a0 \u00a0 \u00a0 \u00a0 \u00a0 \u00a0 \u00a0 <\/span>As informa\u00e7\u00f5es fornecidas s\u00e3o meramente indicativas, antes de comprar na loja selecionada, recomendamos verificar se o modelo vendido possui as principais caracter\u00edsticas de acordo com suas necessidades.\u00a0 \u00a0 \u00a0 \u00a0 \u00a0 \u00a0 \u00a0 \u00a0 \u00a0 \u00a0 \u00a0 \u00a0 \u00a0 \u00a0 \u00a0 \u00a0 \u00a0 \u00a0 \u00a0 \u00a0 \u00a0 \u00a0 \u00a0 \u00a0 \u00a0 \u00a0 \u00a0 Embora nos esforcemos pela m\u00e1xima precis\u00e3o das informa\u00e7\u00f5es, infelizmente n\u00e3o podemos garantir 100% de exatid\u00e3o.\u00a0 \u00a0 \u00a0 \u00a0 \u00a0 \u00a0 \u00a0 \u00a0 \u00a0 \u00a0 \u00a0 \u00a0 \u00a0 \u00a0 \u00a0 \u00a0 \u00a0 \u00a0 \u00a0 \u00a0 \u00a0 \u00a0 \u00a0 \u00a0 \u00a0 \u00a0 \u00a0 \u00a0 \u00a0 \u00a0 \u00a0 \u00a0 \u00a0 \u00a0 \u00a0 \u00a0 \u00a0 \u00a0 \u00a0 \u00a0 \u00a0 \u00a0 \u00a0 Os pre\u00e7os dos produtos s\u00e3o apresentados incluindo IVA.\u201d<\/p>","protected":false},"excerpt":{"rendered":"<p>&#8220;Glossco NAMONY Corante sem amon\u00edaco Namony, colora\u00e7\u00e3o permanente sem amon\u00edaco. Colora\u00e7\u00e3o permanente Glossco Professional sem amon\u00edaco e sem PPD. Proporciona uma suavidade extra aos cabelos, cuidando deles e tratando-os durante o processo de colora\u00e7\u00e3o. O que contribui para o cabelo? A colora\u00e7\u00e3o em creme sem amon\u00edaco da Namony \u00e9 formulada com \u00f3leos de bambu e [&hellip;]<\/p>\n","protected":false},"featured_media":9175,"comment_status":"open","ping_status":"closed","template":"","meta":{"_joinchat":[]},"product_brand":[],"product_cat":[17,30,148,161],"product_tag":[],"class_list":{"0":"post-9233","1":"product","2":"type-product","3":"status-publish","4":"has-post-thumbnail","6":"product_cat-cabelo","7":"product_cat-coloracao","8":"product_cat-tintas","9":"product_cat-todos","11":"first","12":"instock","13":"taxable","14":"shipping-taxable","15":"purchasable","16":"product-type-simple"},"yoast_head":"<!-- This site is optimized with the Yoast SEO plugin v26.7 - https:\/\/yoast.com\/wordpress\/plugins\/seo\/ -->\n<title>Tinta 4 Sem Amon\u00edaco Namony 100ml - ohnia<\/title>\n<meta name=\"robots\" content=\"index, follow, max-snippet:-1, max-image-preview:large, max-video-preview:-1\" \/>\n<link rel=\"canonical\" href=\"https:\/\/ohnia.com.pt\/en\/ohnia-cosmetic-produtos-beleza-moda-glamour-cabeleireira-barbeiro-manicure-pedicure\/tinta-4-sem-amoniaco-namony-100ml\/\" \/>\n<meta property=\"og:locale\" content=\"en_GB\" \/>\n<meta property=\"og:type\" content=\"article\" \/>\n<meta property=\"og:title\" content=\"Tinta 4 Sem Amon\u00edaco Namony 100ml - ohnia\" \/>\n<meta property=\"og:description\" content=\"&#8220;Glossco NAMONY Corante sem amon\u00edaco Namony, colora\u00e7\u00e3o permanente sem amon\u00edaco. Colora\u00e7\u00e3o permanente Glossco Professional sem amon\u00edaco e sem PPD. Proporciona uma suavidade extra aos cabelos, cuidando deles e tratando-os durante o processo de colora\u00e7\u00e3o. O que contribui para o cabelo? A colora\u00e7\u00e3o em creme sem amon\u00edaco da Namony \u00e9 formulada com \u00f3leos de bambu e [&hellip;]\" \/>\n<meta property=\"og:url\" content=\"https:\/\/ohnia.com.pt\/en\/ohnia-cosmetic-produtos-beleza-moda-glamour-cabeleireira-barbeiro-manicure-pedicure\/tinta-4-sem-amoniaco-namony-100ml\/\" \/>\n<meta property=\"og:site_name\" content=\"ohnia\" \/>\n<meta property=\"article:publisher\" content=\"https:\/\/www.facebook.com\/edcosmetic.pt\/\" \/>\n<meta property=\"article:modified_time\" content=\"2025-01-28T20:18:19+00:00\" \/>\n<meta property=\"og:image\" content=\"https:\/\/ohnia.com.pt\/wp-content\/uploads\/2025\/01\/4-Namony-tinta-100ml.png\" \/>\n\t<meta property=\"og:image:width\" content=\"960\" \/>\n\t<meta property=\"og:image:height\" content=\"960\" \/>\n\t<meta property=\"og:image:type\" content=\"image\/png\" \/>\n<meta name=\"twitter:card\" content=\"summary_large_image\" \/>\n<meta name=\"twitter:label1\" content=\"Estimated reading time\" \/>\n\t<meta name=\"twitter:data1\" content=\"2 minutes\" \/>\n<script type=\"application\/ld+json\" class=\"yoast-schema-graph\">{\"@context\":\"https:\/\/schema.org\",\"@graph\":[{\"@type\":\"WebPage\",\"@id\":\"https:\/\/ohnia.com.pt\/ohnia-cosmetic-produtos-beleza-moda-glamour-cabeleireira-barbeiro-manicure-pedicure\/tinta-4-sem-amoniaco-namony-100ml\/\",\"url\":\"https:\/\/ohnia.com.pt\/ohnia-cosmetic-produtos-beleza-moda-glamour-cabeleireira-barbeiro-manicure-pedicure\/tinta-4-sem-amoniaco-namony-100ml\/\",\"name\":\"Tinta 4 Sem Amon\u00edaco Namony 100ml - ohnia\",\"isPartOf\":{\"@id\":\"https:\/\/ohnia.com.pt\/#website\"},\"primaryImageOfPage\":{\"@id\":\"https:\/\/ohnia.com.pt\/ohnia-cosmetic-produtos-beleza-moda-glamour-cabeleireira-barbeiro-manicure-pedicure\/tinta-4-sem-amoniaco-namony-100ml\/#primaryimage\"},\"image\":{\"@id\":\"https:\/\/ohnia.com.pt\/ohnia-cosmetic-produtos-beleza-moda-glamour-cabeleireira-barbeiro-manicure-pedicure\/tinta-4-sem-amoniaco-namony-100ml\/#primaryimage\"},\"thumbnailUrl\":\"https:\/\/ohnia.com.pt\/wp-content\/uploads\/2025\/01\/4-Namony-tinta-100ml.png\",\"datePublished\":\"2025-01-28T20:17:18+00:00\",\"dateModified\":\"2025-01-28T20:18:19+00:00\",\"breadcrumb\":{\"@id\":\"https:\/\/ohnia.com.pt\/ohnia-cosmetic-produtos-beleza-moda-glamour-cabeleireira-barbeiro-manicure-pedicure\/tinta-4-sem-amoniaco-namony-100ml\/#breadcrumb\"},\"inLanguage\":\"en-GB\",\"potentialAction\":[{\"@type\":\"ReadAction\",\"target\":[\"https:\/\/ohnia.com.pt\/ohnia-cosmetic-produtos-beleza-moda-glamour-cabeleireira-barbeiro-manicure-pedicure\/tinta-4-sem-amoniaco-namony-100ml\/\"]}]},{\"@type\":\"ImageObject\",\"inLanguage\":\"en-GB\",\"@id\":\"https:\/\/ohnia.com.pt\/ohnia-cosmetic-produtos-beleza-moda-glamour-cabeleireira-barbeiro-manicure-pedicure\/tinta-4-sem-amoniaco-namony-100ml\/#primaryimage\",\"url\":\"https:\/\/ohnia.com.pt\/wp-content\/uploads\/2025\/01\/4-Namony-tinta-100ml.png\",\"contentUrl\":\"https:\/\/ohnia.com.pt\/wp-content\/uploads\/2025\/01\/4-Namony-tinta-100ml.png\",\"width\":960,\"height\":960},{\"@type\":\"BreadcrumbList\",\"@id\":\"https:\/\/ohnia.com.pt\/ohnia-cosmetic-produtos-beleza-moda-glamour-cabeleireira-barbeiro-manicure-pedicure\/tinta-4-sem-amoniaco-namony-100ml\/#breadcrumb\",\"itemListElement\":[{\"@type\":\"ListItem\",\"position\":1,\"name\":\"In\u00edcio\",\"item\":\"https:\/\/ohnia.com.pt\/\"},{\"@type\":\"ListItem\",\"position\":2,\"name\":\"Loja\",\"item\":\"https:\/\/ohnia.com.pt\/\"},{\"@type\":\"ListItem\",\"position\":3,\"name\":\"Tinta 4 Sem Amon\u00edaco Namony 100ml\"}]},{\"@type\":\"WebSite\",\"@id\":\"https:\/\/ohnia.com.pt\/#website\",\"url\":\"https:\/\/ohnia.com.pt\/\",\"name\":\"Ohnia\",\"description\":\"A Beleza de um Clique!\",\"publisher\":{\"@id\":\"https:\/\/ohnia.com.pt\/#organization\"},\"potentialAction\":[{\"@type\":\"SearchAction\",\"target\":{\"@type\":\"EntryPoint\",\"urlTemplate\":\"https:\/\/ohnia.com.pt\/?s={search_term_string}\"},\"query-input\":{\"@type\":\"PropertyValueSpecification\",\"valueRequired\":true,\"valueName\":\"search_term_string\"}}],\"inLanguage\":\"en-GB\"},{\"@type\":\"Organization\",\"@id\":\"https:\/\/ohnia.com.pt\/#organization\",\"name\":\"Ohnia\",\"url\":\"https:\/\/ohnia.com.pt\/\",\"logo\":{\"@type\":\"ImageObject\",\"inLanguage\":\"en-GB\",\"@id\":\"https:\/\/ohnia.com.pt\/#\/schema\/logo\/image\/\",\"url\":\"https:\/\/ohnia.com.pt\/wp-content\/uploads\/2025\/04\/OhniaSimples.png\",\"contentUrl\":\"https:\/\/ohnia.com.pt\/wp-content\/uploads\/2025\/04\/OhniaSimples.png\",\"width\":1024,\"height\":1024,\"caption\":\"Ohnia\"},\"image\":{\"@id\":\"https:\/\/ohnia.com.pt\/#\/schema\/logo\/image\/\"},\"sameAs\":[\"https:\/\/www.facebook.com\/edcosmetic.pt\/\"]}]}<\/script>\n<!-- \/ Yoast SEO plugin. -->","yoast_head_json":{"title":"Tinta 4 Sem Amon\u00edaco Namony 100ml - ohnia","robots":{"index":"index","follow":"follow","max-snippet":"max-snippet:-1","max-image-preview":"max-image-preview:large","max-video-preview":"max-video-preview:-1"},"canonical":"https:\/\/ohnia.com.pt\/en\/ohnia-cosmetic-produtos-beleza-moda-glamour-cabeleireira-barbeiro-manicure-pedicure\/tinta-4-sem-amoniaco-namony-100ml\/","og_locale":"en_GB","og_type":"article","og_title":"Tinta 4 Sem Amon\u00edaco Namony 100ml - ohnia","og_description":"&#8220;Glossco NAMONY Corante sem amon\u00edaco Namony, colora\u00e7\u00e3o permanente sem amon\u00edaco. Colora\u00e7\u00e3o permanente Glossco Professional sem amon\u00edaco e sem PPD. Proporciona uma suavidade extra aos cabelos, cuidando deles e tratando-os durante o processo de colora\u00e7\u00e3o. O que contribui para o cabelo? A colora\u00e7\u00e3o em creme sem amon\u00edaco da Namony \u00e9 formulada com \u00f3leos de bambu e [&hellip;]","og_url":"https:\/\/ohnia.com.pt\/en\/ohnia-cosmetic-produtos-beleza-moda-glamour-cabeleireira-barbeiro-manicure-pedicure\/tinta-4-sem-amoniaco-namony-100ml\/","og_site_name":"ohnia","article_publisher":"https:\/\/www.facebook.com\/edcosmetic.pt\/","article_modified_time":"2025-01-28T20:18:19+00:00","og_image":[{"width":960,"height":960,"url":"https:\/\/ohnia.com.pt\/wp-content\/uploads\/2025\/01\/4-Namony-tinta-100ml.png","type":"image\/png"}],"twitter_card":"summary_large_image","twitter_misc":{"Estimated reading time":"2 minutes"},"schema":{"@context":"https:\/\/schema.org","@graph":[{"@type":"WebPage","@id":"https:\/\/ohnia.com.pt\/ohnia-cosmetic-produtos-beleza-moda-glamour-cabeleireira-barbeiro-manicure-pedicure\/tinta-4-sem-amoniaco-namony-100ml\/","url":"https:\/\/ohnia.com.pt\/ohnia-cosmetic-produtos-beleza-moda-glamour-cabeleireira-barbeiro-manicure-pedicure\/tinta-4-sem-amoniaco-namony-100ml\/","name":"Tinta 4 Sem Amon\u00edaco Namony 100ml - ohnia","isPartOf":{"@id":"https:\/\/ohnia.com.pt\/#website"},"primaryImageOfPage":{"@id":"https:\/\/ohnia.com.pt\/ohnia-cosmetic-produtos-beleza-moda-glamour-cabeleireira-barbeiro-manicure-pedicure\/tinta-4-sem-amoniaco-namony-100ml\/#primaryimage"},"image":{"@id":"https:\/\/ohnia.com.pt\/ohnia-cosmetic-produtos-beleza-moda-glamour-cabeleireira-barbeiro-manicure-pedicure\/tinta-4-sem-amoniaco-namony-100ml\/#primaryimage"},"thumbnailUrl":"https:\/\/ohnia.com.pt\/wp-content\/uploads\/2025\/01\/4-Namony-tinta-100ml.png","datePublished":"2025-01-28T20:17:18+00:00","dateModified":"2025-01-28T20:18:19+00:00","breadcrumb":{"@id":"https:\/\/ohnia.com.pt\/ohnia-cosmetic-produtos-beleza-moda-glamour-cabeleireira-barbeiro-manicure-pedicure\/tinta-4-sem-amoniaco-namony-100ml\/#breadcrumb"},"inLanguage":"en-GB","potentialAction":[{"@type":"ReadAction","target":["https:\/\/ohnia.com.pt\/ohnia-cosmetic-produtos-beleza-moda-glamour-cabeleireira-barbeiro-manicure-pedicure\/tinta-4-sem-amoniaco-namony-100ml\/"]}]},{"@type":"ImageObject","inLanguage":"en-GB","@id":"https:\/\/ohnia.com.pt\/ohnia-cosmetic-produtos-beleza-moda-glamour-cabeleireira-barbeiro-manicure-pedicure\/tinta-4-sem-amoniaco-namony-100ml\/#primaryimage","url":"https:\/\/ohnia.com.pt\/wp-content\/uploads\/2025\/01\/4-Namony-tinta-100ml.png","contentUrl":"https:\/\/ohnia.com.pt\/wp-content\/uploads\/2025\/01\/4-Namony-tinta-100ml.png","width":960,"height":960},{"@type":"BreadcrumbList","@id":"https:\/\/ohnia.com.pt\/ohnia-cosmetic-produtos-beleza-moda-glamour-cabeleireira-barbeiro-manicure-pedicure\/tinta-4-sem-amoniaco-namony-100ml\/#breadcrumb","itemListElement":[{"@type":"ListItem","position":1,"name":"In\u00edcio","item":"https:\/\/ohnia.com.pt\/"},{"@type":"ListItem","position":2,"name":"Loja","item":"https:\/\/ohnia.com.pt\/"},{"@type":"ListItem","position":3,"name":"Tinta 4 Sem Amon\u00edaco Namony 100ml"}]},{"@type":"WebSite","@id":"https:\/\/ohnia.com.pt\/#website","url":"https:\/\/ohnia.com.pt\/","name":"Ohnia","description":"A Beleza de um Clique!","publisher":{"@id":"https:\/\/ohnia.com.pt\/#organization"},"potentialAction":[{"@type":"SearchAction","target":{"@type":"EntryPoint","urlTemplate":"https:\/\/ohnia.com.pt\/?s={search_term_string}"},"query-input":{"@type":"PropertyValueSpecification","valueRequired":true,"valueName":"search_term_string"}}],"inLanguage":"en-GB"},{"@type":"Organization","@id":"https:\/\/ohnia.com.pt\/#organization","name":"Ohnia","url":"https:\/\/ohnia.com.pt\/","logo":{"@type":"ImageObject","inLanguage":"en-GB","@id":"https:\/\/ohnia.com.pt\/#\/schema\/logo\/image\/","url":"https:\/\/ohnia.com.pt\/wp-content\/uploads\/2025\/04\/OhniaSimples.png","contentUrl":"https:\/\/ohnia.com.pt\/wp-content\/uploads\/2025\/04\/OhniaSimples.png","width":1024,"height":1024,"caption":"Ohnia"},"image":{"@id":"https:\/\/ohnia.com.pt\/#\/schema\/logo\/image\/"},"sameAs":["https:\/\/www.facebook.com\/edcosmetic.pt\/"]}]}},"_links":{"self":[{"href":"https:\/\/ohnia.com.pt\/en\/wp-json\/wp\/v2\/product\/9233","targetHints":{"allow":["GET"]}}],"collection":[{"href":"https:\/\/ohnia.com.pt\/en\/wp-json\/wp\/v2\/product"}],"about":[{"href":"https:\/\/ohnia.com.pt\/en\/wp-json\/wp\/v2\/types\/product"}],"replies":[{"embeddable":true,"href":"https:\/\/ohnia.com.pt\/en\/wp-json\/wp\/v2\/comments?post=9233"}],"version-history":[{"count":1,"href":"https:\/\/ohnia.com.pt\/en\/wp-json\/wp\/v2\/product\/9233\/revisions"}],"predecessor-version":[{"id":9234,"href":"https:\/\/ohnia.com.pt\/en\/wp-json\/wp\/v2\/product\/9233\/revisions\/9234"}],"wp:featuredmedia":[{"embeddable":true,"href":"https:\/\/ohnia.com.pt\/en\/wp-json\/wp\/v2\/media\/9175"}],"wp:attachment":[{"href":"https:\/\/ohnia.com.pt\/en\/wp-json\/wp\/v2\/media?parent=9233"}],"wp:term":[{"taxonomy":"product_brand","embeddable":true,"href":"https:\/\/ohnia.com.pt\/en\/wp-json\/wp\/v2\/product_brand?post=9233"},{"taxonomy":"product_cat","embeddable":true,"href":"https:\/\/ohnia.com.pt\/en\/wp-json\/wp\/v2\/product_cat?post=9233"},{"taxonomy":"product_tag","embeddable":true,"href":"https:\/\/ohnia.com.pt\/en\/wp-json\/wp\/v2\/product_tag?post=9233"}],"curies":[{"name":"wp","href":"https:\/\/api.w.org\/{rel}","templated":true}]}}