{"id":7167,"date":"2023-10-31T17:56:42","date_gmt":"2023-10-31T17:56:42","guid":{"rendered":"https:\/\/ohnia.com.pt\/?post_type=product&#038;p=7167"},"modified":"2025-12-10T18:17:02","modified_gmt":"2025-12-10T18:17:02","slug":"kosswell-tintas-equium-7-44-color-60ml","status":"publish","type":"product","link":"https:\/\/ohnia.com.pt\/en\/ohnia-cosmetic-produtos-beleza-moda-glamour-cabeleireira-barbeiro-manicure-pedicure\/kosswell-tintas-equium-7-44-color-60ml\/","title":{"rendered":"Tintas Equium 7.44 Kosswell Color 60ml"},"content":{"rendered":"<p>\u201cEQUIUM Kosswell Corante Permanente 60ml<\/p>\n<p>A colora\u00e7\u00e3o em creme Kosswell Equium tinge e trata a fibra capilar desde a superf\u00edcie ate ao cortex, gra\u00e7as \u00e1 a\u00e7\u00e3o penetrante dos seus micropigmentos e ao fornecimento material de l\u00edpidos nutrientes \u00e1 cut\u00edcula do cabelo.<\/p>\n<p>APLICA\u00c7\u00c3O:<\/p>\n<p>Misture\u00a0 num recipiente n\u00e3o met\u00e1lico, 60 ml de colora\u00e7\u00e3o creme Kosswell Equium com 75 ml de Oxiwell.\u00a0 Aplicar com um pincel sobre cabelos secos n\u00e3o lavados. Utilizar a t\u00e9cnica desejada. Tempo m\u00e1ximo de exposi\u00e7\u00e3o 35 minutos.<\/p>\n<p>TESTE DE SENSIBILIDADE:<\/p>\n<p>Misturar num recipiente n\u00e3o met\u00e1lico uma parte de colora\u00e7\u00e3o Equium com e mesma quantidade de Oxiwell. Aplicar uma pequena quantidade da mistura atr\u00e1s a orelha. Repetir a aplica\u00e7\u00e3o duas vezes deixando secar nos intervalos. N\u00e3o lavar durante 48 horas. Se no decorrer deste empo verificar alguma altera\u00e7\u00e3o (comich\u00e3o, vermelh\u00e3o, incha\u00e7o, etc.) nao aplique a colora\u00e7\u00e3o e consulte\u00a0 seu m\u00e9dico.<\/p>\n<p>ADVERTENCIAS:<\/p>\n<p>Os corantes podem causar rea\u00e7\u00f5es al\u00e9rgicas graves. Leia e siga as instru\u00e7\u00f5es de utiliza\u00e7\u00e3o. Este produto n\u00e3o se destina a ser utilizado por menores de 16 anos. Manter fora do alcance das crian\u00e7as. \u00c9 obrigat\u00f3rio realizar um teste de alergia de pele ou de sensibilidade 48 horas antes de cada utiliza\u00e7\u00e3o. N\u00e3o utilizar: Se o cabelo tiver sido pintado com &#8220;henna&#8221; ou com uma colora\u00e7\u00e3o progressiva, porque pode aumentar o risco de alergia; se voc\u00ea tiver uma erup\u00e7\u00e3o cut\u00e2nea na face ou o couro cabeludo sens\u00edvel, irritado ou danificado; se voc\u00ea tiver tido alguma reac\u00e7\u00e3o a tatuagens de &#8220;henna negra&#8221; tempor\u00e1rias. N\u00e3o use imediatamente depois de uma permanente, uma desfrisagem ou um alisamento duradouro. Usar luvas adequadas durante todo o processo . Enxaguar bem os cabelos ap\u00f3s a aplica\u00e7\u00e3o . Evitar o contacto com a pele e os olhos . Lavar os olhos imediatamente se o produto entrar em contacto com eles. N\u00e3o utilizar para a colora\u00e7\u00e3o das pestanas e sobrancelhas, USO PREFISIONAL \u201d<\/p>","protected":false},"excerpt":{"rendered":"<p>\u201cEQUIUM Kosswell Corante Permanente 60ml A colora\u00e7\u00e3o em creme Kosswell Equium tinge e trata a fibra capilar desde a superf\u00edcie ate ao cortex, gra\u00e7as \u00e1 a\u00e7\u00e3o penetrante dos seus micropigmentos e ao fornecimento material de l\u00edpidos nutrientes \u00e1 cut\u00edcula do cabelo. APLICA\u00c7\u00c3O: Misture\u00a0 num recipiente n\u00e3o met\u00e1lico, 60 ml de colora\u00e7\u00e3o creme Kosswell Equium com [&hellip;]<\/p>\n","protected":false},"featured_media":7160,"comment_status":"open","ping_status":"closed","template":"","meta":{"_joinchat":[]},"product_brand":[],"product_cat":[17,30,63,148,161],"product_tag":[],"class_list":{"0":"post-7167","1":"product","2":"type-product","3":"status-publish","4":"has-post-thumbnail","6":"product_cat-cabelo","7":"product_cat-coloracao","8":"product_cat-complementos-de-cabeleireiro","9":"product_cat-tintas","10":"product_cat-todos","12":"first","13":"instock","14":"taxable","15":"shipping-taxable","16":"purchasable","17":"product-type-simple"},"yoast_head":"<!-- This site is optimized with the Yoast SEO plugin v26.7 - https:\/\/yoast.com\/wordpress\/plugins\/seo\/ -->\n<title>Tintas Equium 7.44 Kosswell Color 60ml - ohnia<\/title>\n<meta name=\"robots\" content=\"index, follow, max-snippet:-1, max-image-preview:large, max-video-preview:-1\" \/>\n<link rel=\"canonical\" href=\"https:\/\/ohnia.com.pt\/en\/ohnia-cosmetic-produtos-beleza-moda-glamour-cabeleireira-barbeiro-manicure-pedicure\/kosswell-tintas-equium-7-44-color-60ml\/\" \/>\n<meta property=\"og:locale\" content=\"en_GB\" \/>\n<meta property=\"og:type\" content=\"article\" \/>\n<meta property=\"og:title\" content=\"Tintas Equium 7.44 Kosswell Color 60ml - ohnia\" \/>\n<meta property=\"og:description\" content=\"\u201cEQUIUM Kosswell Corante Permanente 60ml A colora\u00e7\u00e3o em creme Kosswell Equium tinge e trata a fibra capilar desde a superf\u00edcie ate ao cortex, gra\u00e7as \u00e1 a\u00e7\u00e3o penetrante dos seus micropigmentos e ao fornecimento material de l\u00edpidos nutrientes \u00e1 cut\u00edcula do cabelo. APLICA\u00c7\u00c3O: Misture\u00a0 num recipiente n\u00e3o met\u00e1lico, 60 ml de colora\u00e7\u00e3o creme Kosswell Equium com [&hellip;]\" \/>\n<meta property=\"og:url\" content=\"https:\/\/ohnia.com.pt\/en\/ohnia-cosmetic-produtos-beleza-moda-glamour-cabeleireira-barbeiro-manicure-pedicure\/kosswell-tintas-equium-7-44-color-60ml\/\" \/>\n<meta property=\"og:site_name\" content=\"ohnia\" \/>\n<meta property=\"article:publisher\" content=\"https:\/\/www.facebook.com\/edcosmetic.pt\/\" \/>\n<meta property=\"article:modified_time\" content=\"2025-12-10T18:17:02+00:00\" \/>\n<meta property=\"og:image\" content=\"https:\/\/ohnia.com.pt\/wp-content\/uploads\/2023\/10\/Kosswell-tinta-Equium-7.44.jpg\" \/>\n\t<meta property=\"og:image:width\" content=\"960\" \/>\n\t<meta property=\"og:image:height\" content=\"960\" \/>\n\t<meta property=\"og:image:type\" content=\"image\/jpeg\" \/>\n<meta name=\"twitter:card\" content=\"summary_large_image\" \/>\n<meta name=\"twitter:label1\" content=\"Estimated reading time\" \/>\n\t<meta name=\"twitter:data1\" content=\"2 minutes\" \/>\n<script type=\"application\/ld+json\" class=\"yoast-schema-graph\">{\"@context\":\"https:\/\/schema.org\",\"@graph\":[{\"@type\":\"WebPage\",\"@id\":\"https:\/\/ohnia.com.pt\/ohnia-cosmetic-produtos-beleza-moda-glamour-cabeleireira-barbeiro-manicure-pedicure\/kosswell-tintas-equium-7-44-color-60ml\/\",\"url\":\"https:\/\/ohnia.com.pt\/ohnia-cosmetic-produtos-beleza-moda-glamour-cabeleireira-barbeiro-manicure-pedicure\/kosswell-tintas-equium-7-44-color-60ml\/\",\"name\":\"Tintas Equium 7.44 Kosswell Color 60ml - ohnia\",\"isPartOf\":{\"@id\":\"https:\/\/ohnia.com.pt\/#website\"},\"primaryImageOfPage\":{\"@id\":\"https:\/\/ohnia.com.pt\/ohnia-cosmetic-produtos-beleza-moda-glamour-cabeleireira-barbeiro-manicure-pedicure\/kosswell-tintas-equium-7-44-color-60ml\/#primaryimage\"},\"image\":{\"@id\":\"https:\/\/ohnia.com.pt\/ohnia-cosmetic-produtos-beleza-moda-glamour-cabeleireira-barbeiro-manicure-pedicure\/kosswell-tintas-equium-7-44-color-60ml\/#primaryimage\"},\"thumbnailUrl\":\"https:\/\/ohnia.com.pt\/wp-content\/uploads\/2023\/10\/Kosswell-tinta-Equium-7.44.jpg\",\"datePublished\":\"2023-10-31T17:56:42+00:00\",\"dateModified\":\"2025-12-10T18:17:02+00:00\",\"breadcrumb\":{\"@id\":\"https:\/\/ohnia.com.pt\/ohnia-cosmetic-produtos-beleza-moda-glamour-cabeleireira-barbeiro-manicure-pedicure\/kosswell-tintas-equium-7-44-color-60ml\/#breadcrumb\"},\"inLanguage\":\"en-GB\",\"potentialAction\":[{\"@type\":\"ReadAction\",\"target\":[\"https:\/\/ohnia.com.pt\/ohnia-cosmetic-produtos-beleza-moda-glamour-cabeleireira-barbeiro-manicure-pedicure\/kosswell-tintas-equium-7-44-color-60ml\/\"]}]},{\"@type\":\"ImageObject\",\"inLanguage\":\"en-GB\",\"@id\":\"https:\/\/ohnia.com.pt\/ohnia-cosmetic-produtos-beleza-moda-glamour-cabeleireira-barbeiro-manicure-pedicure\/kosswell-tintas-equium-7-44-color-60ml\/#primaryimage\",\"url\":\"https:\/\/ohnia.com.pt\/wp-content\/uploads\/2023\/10\/Kosswell-tinta-Equium-7.44.jpg\",\"contentUrl\":\"https:\/\/ohnia.com.pt\/wp-content\/uploads\/2023\/10\/Kosswell-tinta-Equium-7.44.jpg\",\"width\":960,\"height\":960},{\"@type\":\"BreadcrumbList\",\"@id\":\"https:\/\/ohnia.com.pt\/ohnia-cosmetic-produtos-beleza-moda-glamour-cabeleireira-barbeiro-manicure-pedicure\/kosswell-tintas-equium-7-44-color-60ml\/#breadcrumb\",\"itemListElement\":[{\"@type\":\"ListItem\",\"position\":1,\"name\":\"In\u00edcio\",\"item\":\"https:\/\/ohnia.com.pt\/\"},{\"@type\":\"ListItem\",\"position\":2,\"name\":\"Loja\",\"item\":\"https:\/\/ohnia.com.pt\/\"},{\"@type\":\"ListItem\",\"position\":3,\"name\":\"Tintas Equium 7.44 Kosswell Color 60ml\"}]},{\"@type\":\"WebSite\",\"@id\":\"https:\/\/ohnia.com.pt\/#website\",\"url\":\"https:\/\/ohnia.com.pt\/\",\"name\":\"Ohnia\",\"description\":\"A Beleza de um Clique!\",\"publisher\":{\"@id\":\"https:\/\/ohnia.com.pt\/#organization\"},\"potentialAction\":[{\"@type\":\"SearchAction\",\"target\":{\"@type\":\"EntryPoint\",\"urlTemplate\":\"https:\/\/ohnia.com.pt\/?s={search_term_string}\"},\"query-input\":{\"@type\":\"PropertyValueSpecification\",\"valueRequired\":true,\"valueName\":\"search_term_string\"}}],\"inLanguage\":\"en-GB\"},{\"@type\":\"Organization\",\"@id\":\"https:\/\/ohnia.com.pt\/#organization\",\"name\":\"Ohnia\",\"url\":\"https:\/\/ohnia.com.pt\/\",\"logo\":{\"@type\":\"ImageObject\",\"inLanguage\":\"en-GB\",\"@id\":\"https:\/\/ohnia.com.pt\/#\/schema\/logo\/image\/\",\"url\":\"https:\/\/ohnia.com.pt\/wp-content\/uploads\/2025\/04\/OhniaSimples.png\",\"contentUrl\":\"https:\/\/ohnia.com.pt\/wp-content\/uploads\/2025\/04\/OhniaSimples.png\",\"width\":1024,\"height\":1024,\"caption\":\"Ohnia\"},\"image\":{\"@id\":\"https:\/\/ohnia.com.pt\/#\/schema\/logo\/image\/\"},\"sameAs\":[\"https:\/\/www.facebook.com\/edcosmetic.pt\/\"]}]}<\/script>\n<!-- \/ Yoast SEO plugin. -->","yoast_head_json":{"title":"Tintas Equium 7.44 Kosswell Color 60ml - ohnia","robots":{"index":"index","follow":"follow","max-snippet":"max-snippet:-1","max-image-preview":"max-image-preview:large","max-video-preview":"max-video-preview:-1"},"canonical":"https:\/\/ohnia.com.pt\/en\/ohnia-cosmetic-produtos-beleza-moda-glamour-cabeleireira-barbeiro-manicure-pedicure\/kosswell-tintas-equium-7-44-color-60ml\/","og_locale":"en_GB","og_type":"article","og_title":"Tintas Equium 7.44 Kosswell Color 60ml - ohnia","og_description":"\u201cEQUIUM Kosswell Corante Permanente 60ml A colora\u00e7\u00e3o em creme Kosswell Equium tinge e trata a fibra capilar desde a superf\u00edcie ate ao cortex, gra\u00e7as \u00e1 a\u00e7\u00e3o penetrante dos seus micropigmentos e ao fornecimento material de l\u00edpidos nutrientes \u00e1 cut\u00edcula do cabelo. APLICA\u00c7\u00c3O: Misture\u00a0 num recipiente n\u00e3o met\u00e1lico, 60 ml de colora\u00e7\u00e3o creme Kosswell Equium com [&hellip;]","og_url":"https:\/\/ohnia.com.pt\/en\/ohnia-cosmetic-produtos-beleza-moda-glamour-cabeleireira-barbeiro-manicure-pedicure\/kosswell-tintas-equium-7-44-color-60ml\/","og_site_name":"ohnia","article_publisher":"https:\/\/www.facebook.com\/edcosmetic.pt\/","article_modified_time":"2025-12-10T18:17:02+00:00","og_image":[{"width":960,"height":960,"url":"https:\/\/ohnia.com.pt\/wp-content\/uploads\/2023\/10\/Kosswell-tinta-Equium-7.44.jpg","type":"image\/jpeg"}],"twitter_card":"summary_large_image","twitter_misc":{"Estimated reading time":"2 minutes"},"schema":{"@context":"https:\/\/schema.org","@graph":[{"@type":"WebPage","@id":"https:\/\/ohnia.com.pt\/ohnia-cosmetic-produtos-beleza-moda-glamour-cabeleireira-barbeiro-manicure-pedicure\/kosswell-tintas-equium-7-44-color-60ml\/","url":"https:\/\/ohnia.com.pt\/ohnia-cosmetic-produtos-beleza-moda-glamour-cabeleireira-barbeiro-manicure-pedicure\/kosswell-tintas-equium-7-44-color-60ml\/","name":"Tintas Equium 7.44 Kosswell Color 60ml - ohnia","isPartOf":{"@id":"https:\/\/ohnia.com.pt\/#website"},"primaryImageOfPage":{"@id":"https:\/\/ohnia.com.pt\/ohnia-cosmetic-produtos-beleza-moda-glamour-cabeleireira-barbeiro-manicure-pedicure\/kosswell-tintas-equium-7-44-color-60ml\/#primaryimage"},"image":{"@id":"https:\/\/ohnia.com.pt\/ohnia-cosmetic-produtos-beleza-moda-glamour-cabeleireira-barbeiro-manicure-pedicure\/kosswell-tintas-equium-7-44-color-60ml\/#primaryimage"},"thumbnailUrl":"https:\/\/ohnia.com.pt\/wp-content\/uploads\/2023\/10\/Kosswell-tinta-Equium-7.44.jpg","datePublished":"2023-10-31T17:56:42+00:00","dateModified":"2025-12-10T18:17:02+00:00","breadcrumb":{"@id":"https:\/\/ohnia.com.pt\/ohnia-cosmetic-produtos-beleza-moda-glamour-cabeleireira-barbeiro-manicure-pedicure\/kosswell-tintas-equium-7-44-color-60ml\/#breadcrumb"},"inLanguage":"en-GB","potentialAction":[{"@type":"ReadAction","target":["https:\/\/ohnia.com.pt\/ohnia-cosmetic-produtos-beleza-moda-glamour-cabeleireira-barbeiro-manicure-pedicure\/kosswell-tintas-equium-7-44-color-60ml\/"]}]},{"@type":"ImageObject","inLanguage":"en-GB","@id":"https:\/\/ohnia.com.pt\/ohnia-cosmetic-produtos-beleza-moda-glamour-cabeleireira-barbeiro-manicure-pedicure\/kosswell-tintas-equium-7-44-color-60ml\/#primaryimage","url":"https:\/\/ohnia.com.pt\/wp-content\/uploads\/2023\/10\/Kosswell-tinta-Equium-7.44.jpg","contentUrl":"https:\/\/ohnia.com.pt\/wp-content\/uploads\/2023\/10\/Kosswell-tinta-Equium-7.44.jpg","width":960,"height":960},{"@type":"BreadcrumbList","@id":"https:\/\/ohnia.com.pt\/ohnia-cosmetic-produtos-beleza-moda-glamour-cabeleireira-barbeiro-manicure-pedicure\/kosswell-tintas-equium-7-44-color-60ml\/#breadcrumb","itemListElement":[{"@type":"ListItem","position":1,"name":"In\u00edcio","item":"https:\/\/ohnia.com.pt\/"},{"@type":"ListItem","position":2,"name":"Loja","item":"https:\/\/ohnia.com.pt\/"},{"@type":"ListItem","position":3,"name":"Tintas Equium 7.44 Kosswell Color 60ml"}]},{"@type":"WebSite","@id":"https:\/\/ohnia.com.pt\/#website","url":"https:\/\/ohnia.com.pt\/","name":"Ohnia","description":"A Beleza de um Clique!","publisher":{"@id":"https:\/\/ohnia.com.pt\/#organization"},"potentialAction":[{"@type":"SearchAction","target":{"@type":"EntryPoint","urlTemplate":"https:\/\/ohnia.com.pt\/?s={search_term_string}"},"query-input":{"@type":"PropertyValueSpecification","valueRequired":true,"valueName":"search_term_string"}}],"inLanguage":"en-GB"},{"@type":"Organization","@id":"https:\/\/ohnia.com.pt\/#organization","name":"Ohnia","url":"https:\/\/ohnia.com.pt\/","logo":{"@type":"ImageObject","inLanguage":"en-GB","@id":"https:\/\/ohnia.com.pt\/#\/schema\/logo\/image\/","url":"https:\/\/ohnia.com.pt\/wp-content\/uploads\/2025\/04\/OhniaSimples.png","contentUrl":"https:\/\/ohnia.com.pt\/wp-content\/uploads\/2025\/04\/OhniaSimples.png","width":1024,"height":1024,"caption":"Ohnia"},"image":{"@id":"https:\/\/ohnia.com.pt\/#\/schema\/logo\/image\/"},"sameAs":["https:\/\/www.facebook.com\/edcosmetic.pt\/"]}]}},"_links":{"self":[{"href":"https:\/\/ohnia.com.pt\/en\/wp-json\/wp\/v2\/product\/7167","targetHints":{"allow":["GET"]}}],"collection":[{"href":"https:\/\/ohnia.com.pt\/en\/wp-json\/wp\/v2\/product"}],"about":[{"href":"https:\/\/ohnia.com.pt\/en\/wp-json\/wp\/v2\/types\/product"}],"replies":[{"embeddable":true,"href":"https:\/\/ohnia.com.pt\/en\/wp-json\/wp\/v2\/comments?post=7167"}],"version-history":[{"count":4,"href":"https:\/\/ohnia.com.pt\/en\/wp-json\/wp\/v2\/product\/7167\/revisions"}],"predecessor-version":[{"id":8807,"href":"https:\/\/ohnia.com.pt\/en\/wp-json\/wp\/v2\/product\/7167\/revisions\/8807"}],"wp:featuredmedia":[{"embeddable":true,"href":"https:\/\/ohnia.com.pt\/en\/wp-json\/wp\/v2\/media\/7160"}],"wp:attachment":[{"href":"https:\/\/ohnia.com.pt\/en\/wp-json\/wp\/v2\/media?parent=7167"}],"wp:term":[{"taxonomy":"product_brand","embeddable":true,"href":"https:\/\/ohnia.com.pt\/en\/wp-json\/wp\/v2\/product_brand?post=7167"},{"taxonomy":"product_cat","embeddable":true,"href":"https:\/\/ohnia.com.pt\/en\/wp-json\/wp\/v2\/product_cat?post=7167"},{"taxonomy":"product_tag","embeddable":true,"href":"https:\/\/ohnia.com.pt\/en\/wp-json\/wp\/v2\/product_tag?post=7167"}],"curies":[{"name":"wp","href":"https:\/\/api.w.org\/{rel}","templated":true}]}}