{"id":7101,"date":"2023-10-31T11:43:52","date_gmt":"2023-10-31T11:43:52","guid":{"rendered":"https:\/\/ohnia.com.pt\/?post_type=product&#038;p=7101"},"modified":"2025-12-10T18:21:59","modified_gmt":"2025-12-10T18:21:59","slug":"kosswell-tintas-equium-9-30-color-60ml","status":"publish","type":"product","link":"https:\/\/ohnia.com.pt\/en\/ohnia-cosmetic-produtos-beleza-moda-glamour-cabeleireira-barbeiro-manicure-pedicure\/kosswell-tintas-equium-9-30-color-60ml\/","title":{"rendered":"Tintas Equium 9.30 Color Kosswell 60ml"},"content":{"rendered":"<p>\u201cEQUIUM Kosswell Corante Permanente 60ml<\/p>\n<p>Tratamento de colora\u00e7\u00e3o em creme de oxida\u00e7\u00e3o.<\/p>\n<p>Cobertura perfeita dos cabelos brancos. Cores vivas e brilhantes. Luz no seu cabelo.<\/p>\n<p>Tratamento intenso e vigoroso gra\u00e7as \u00e0 tecnologia fosfolip\u00eddica que atua desde o interior da fibra capilar, conferindo for\u00e7a e resist\u00eancia aos cabelos. Efeito de brilho intenso gra\u00e7as ao hidrolisado de trigo. Esta tintura colore e trata a fibra capilar desde a superf\u00edcie at\u00e9 o c\u00f3rtex, gra\u00e7as \u00e0 a\u00e7\u00e3o penetrante de seus micropigmentos e \u00e0 contribui\u00e7\u00e3o material de nutrientes lip\u00eddicos para a cut\u00edcula capilar.<\/p>\n<p>Resultado: cores ricas e intensas, com brilho sem precedentes.<\/p>\n<p>MODO DE EMPREGO:<\/p>\n<p>Misture 60 ml de Kosswell Equium com 75 ml de Oxiwell em um recipiente n\u00e3o met\u00e1lico.<br \/>\nEm tons clareadores, superclareadores e vibrantes, misture um tubo de cor com 90 ml de Oxiwell.<br \/>\nAplicar com pincel nos cabelos secos e n\u00e3o lavados.<br \/>\nUtilize a t\u00e9cnica desejada com tempo m\u00e1ximo de exposi\u00e7\u00e3o de 35 minutos, exceto para clareadores e superclareadores de 35 a 45 minutos.<br \/>\nAp\u00f3s o tempo de exposi\u00e7\u00e3o, emulsionar cuidadosamente com um pouco de \u00e1gua e enxaguar.<br \/>\nDescri\u00e7\u00e3o: tubo de 60 ml.\u201d<\/p>","protected":false},"excerpt":{"rendered":"<p>\u201cEQUIUM Kosswell Corante Permanente 60ml Tratamento de colora\u00e7\u00e3o em creme de oxida\u00e7\u00e3o. Cobertura perfeita dos cabelos brancos. Cores vivas e brilhantes. Luz no seu cabelo. Tratamento intenso e vigoroso gra\u00e7as \u00e0 tecnologia fosfolip\u00eddica que atua desde o interior da fibra capilar, conferindo for\u00e7a e resist\u00eancia aos cabelos. Efeito de brilho intenso gra\u00e7as ao hidrolisado de [&hellip;]<\/p>\n","protected":false},"featured_media":7098,"comment_status":"open","ping_status":"closed","template":"","meta":{"_joinchat":[]},"product_brand":[],"product_cat":[17,30,63,148,161],"product_tag":[],"class_list":{"0":"post-7101","1":"product","2":"type-product","3":"status-publish","4":"has-post-thumbnail","6":"product_cat-cabelo","7":"product_cat-coloracao","8":"product_cat-complementos-de-cabeleireiro","9":"product_cat-tintas","10":"product_cat-todos","12":"first","13":"instock","14":"taxable","15":"shipping-taxable","16":"purchasable","17":"product-type-simple"},"yoast_head":"<!-- This site is optimized with the Yoast SEO plugin v26.7 - https:\/\/yoast.com\/wordpress\/plugins\/seo\/ -->\n<title>Tintas Equium 9.30 Color Kosswell 60ml - ohnia<\/title>\n<meta name=\"robots\" content=\"index, follow, max-snippet:-1, max-image-preview:large, max-video-preview:-1\" \/>\n<link rel=\"canonical\" href=\"https:\/\/ohnia.com.pt\/en\/ohnia-cosmetic-produtos-beleza-moda-glamour-cabeleireira-barbeiro-manicure-pedicure\/kosswell-tintas-equium-9-30-color-60ml\/\" \/>\n<meta property=\"og:locale\" content=\"en_GB\" \/>\n<meta property=\"og:type\" content=\"article\" \/>\n<meta property=\"og:title\" content=\"Tintas Equium 9.30 Color Kosswell 60ml - ohnia\" \/>\n<meta property=\"og:description\" content=\"\u201cEQUIUM Kosswell Corante Permanente 60ml Tratamento de colora\u00e7\u00e3o em creme de oxida\u00e7\u00e3o. Cobertura perfeita dos cabelos brancos. Cores vivas e brilhantes. Luz no seu cabelo. Tratamento intenso e vigoroso gra\u00e7as \u00e0 tecnologia fosfolip\u00eddica que atua desde o interior da fibra capilar, conferindo for\u00e7a e resist\u00eancia aos cabelos. Efeito de brilho intenso gra\u00e7as ao hidrolisado de [&hellip;]\" \/>\n<meta property=\"og:url\" content=\"https:\/\/ohnia.com.pt\/en\/ohnia-cosmetic-produtos-beleza-moda-glamour-cabeleireira-barbeiro-manicure-pedicure\/kosswell-tintas-equium-9-30-color-60ml\/\" \/>\n<meta property=\"og:site_name\" content=\"ohnia\" \/>\n<meta property=\"article:publisher\" content=\"https:\/\/www.facebook.com\/edcosmetic.pt\/\" \/>\n<meta property=\"article:modified_time\" content=\"2025-12-10T18:21:59+00:00\" \/>\n<meta property=\"og:image\" content=\"https:\/\/ohnia.com.pt\/wp-content\/uploads\/2023\/10\/Kosswell-tinta-Equium-9.30.jpg\" \/>\n\t<meta property=\"og:image:width\" content=\"960\" \/>\n\t<meta property=\"og:image:height\" content=\"960\" \/>\n\t<meta property=\"og:image:type\" content=\"image\/jpeg\" \/>\n<meta name=\"twitter:card\" content=\"summary_large_image\" \/>\n<meta name=\"twitter:label1\" content=\"Estimated reading time\" \/>\n\t<meta name=\"twitter:data1\" content=\"1 minute\" \/>\n<script type=\"application\/ld+json\" class=\"yoast-schema-graph\">{\"@context\":\"https:\/\/schema.org\",\"@graph\":[{\"@type\":\"WebPage\",\"@id\":\"https:\/\/ohnia.com.pt\/ohnia-cosmetic-produtos-beleza-moda-glamour-cabeleireira-barbeiro-manicure-pedicure\/kosswell-tintas-equium-9-30-color-60ml\/\",\"url\":\"https:\/\/ohnia.com.pt\/ohnia-cosmetic-produtos-beleza-moda-glamour-cabeleireira-barbeiro-manicure-pedicure\/kosswell-tintas-equium-9-30-color-60ml\/\",\"name\":\"Tintas Equium 9.30 Color Kosswell 60ml - ohnia\",\"isPartOf\":{\"@id\":\"https:\/\/ohnia.com.pt\/#website\"},\"primaryImageOfPage\":{\"@id\":\"https:\/\/ohnia.com.pt\/ohnia-cosmetic-produtos-beleza-moda-glamour-cabeleireira-barbeiro-manicure-pedicure\/kosswell-tintas-equium-9-30-color-60ml\/#primaryimage\"},\"image\":{\"@id\":\"https:\/\/ohnia.com.pt\/ohnia-cosmetic-produtos-beleza-moda-glamour-cabeleireira-barbeiro-manicure-pedicure\/kosswell-tintas-equium-9-30-color-60ml\/#primaryimage\"},\"thumbnailUrl\":\"https:\/\/ohnia.com.pt\/wp-content\/uploads\/2023\/10\/Kosswell-tinta-Equium-9.30.jpg\",\"datePublished\":\"2023-10-31T11:43:52+00:00\",\"dateModified\":\"2025-12-10T18:21:59+00:00\",\"breadcrumb\":{\"@id\":\"https:\/\/ohnia.com.pt\/ohnia-cosmetic-produtos-beleza-moda-glamour-cabeleireira-barbeiro-manicure-pedicure\/kosswell-tintas-equium-9-30-color-60ml\/#breadcrumb\"},\"inLanguage\":\"en-GB\",\"potentialAction\":[{\"@type\":\"ReadAction\",\"target\":[\"https:\/\/ohnia.com.pt\/ohnia-cosmetic-produtos-beleza-moda-glamour-cabeleireira-barbeiro-manicure-pedicure\/kosswell-tintas-equium-9-30-color-60ml\/\"]}]},{\"@type\":\"ImageObject\",\"inLanguage\":\"en-GB\",\"@id\":\"https:\/\/ohnia.com.pt\/ohnia-cosmetic-produtos-beleza-moda-glamour-cabeleireira-barbeiro-manicure-pedicure\/kosswell-tintas-equium-9-30-color-60ml\/#primaryimage\",\"url\":\"https:\/\/ohnia.com.pt\/wp-content\/uploads\/2023\/10\/Kosswell-tinta-Equium-9.30.jpg\",\"contentUrl\":\"https:\/\/ohnia.com.pt\/wp-content\/uploads\/2023\/10\/Kosswell-tinta-Equium-9.30.jpg\",\"width\":960,\"height\":960},{\"@type\":\"BreadcrumbList\",\"@id\":\"https:\/\/ohnia.com.pt\/ohnia-cosmetic-produtos-beleza-moda-glamour-cabeleireira-barbeiro-manicure-pedicure\/kosswell-tintas-equium-9-30-color-60ml\/#breadcrumb\",\"itemListElement\":[{\"@type\":\"ListItem\",\"position\":1,\"name\":\"In\u00edcio\",\"item\":\"https:\/\/ohnia.com.pt\/\"},{\"@type\":\"ListItem\",\"position\":2,\"name\":\"Loja\",\"item\":\"https:\/\/ohnia.com.pt\/\"},{\"@type\":\"ListItem\",\"position\":3,\"name\":\"Tintas Equium 9.30 Color Kosswell 60ml\"}]},{\"@type\":\"WebSite\",\"@id\":\"https:\/\/ohnia.com.pt\/#website\",\"url\":\"https:\/\/ohnia.com.pt\/\",\"name\":\"Ohnia\",\"description\":\"A Beleza de um Clique!\",\"publisher\":{\"@id\":\"https:\/\/ohnia.com.pt\/#organization\"},\"potentialAction\":[{\"@type\":\"SearchAction\",\"target\":{\"@type\":\"EntryPoint\",\"urlTemplate\":\"https:\/\/ohnia.com.pt\/?s={search_term_string}\"},\"query-input\":{\"@type\":\"PropertyValueSpecification\",\"valueRequired\":true,\"valueName\":\"search_term_string\"}}],\"inLanguage\":\"en-GB\"},{\"@type\":\"Organization\",\"@id\":\"https:\/\/ohnia.com.pt\/#organization\",\"name\":\"Ohnia\",\"url\":\"https:\/\/ohnia.com.pt\/\",\"logo\":{\"@type\":\"ImageObject\",\"inLanguage\":\"en-GB\",\"@id\":\"https:\/\/ohnia.com.pt\/#\/schema\/logo\/image\/\",\"url\":\"https:\/\/ohnia.com.pt\/wp-content\/uploads\/2025\/04\/OhniaSimples.png\",\"contentUrl\":\"https:\/\/ohnia.com.pt\/wp-content\/uploads\/2025\/04\/OhniaSimples.png\",\"width\":1024,\"height\":1024,\"caption\":\"Ohnia\"},\"image\":{\"@id\":\"https:\/\/ohnia.com.pt\/#\/schema\/logo\/image\/\"},\"sameAs\":[\"https:\/\/www.facebook.com\/edcosmetic.pt\/\"]}]}<\/script>\n<!-- \/ Yoast SEO plugin. -->","yoast_head_json":{"title":"Tintas Equium 9.30 Color Kosswell 60ml - ohnia","robots":{"index":"index","follow":"follow","max-snippet":"max-snippet:-1","max-image-preview":"max-image-preview:large","max-video-preview":"max-video-preview:-1"},"canonical":"https:\/\/ohnia.com.pt\/en\/ohnia-cosmetic-produtos-beleza-moda-glamour-cabeleireira-barbeiro-manicure-pedicure\/kosswell-tintas-equium-9-30-color-60ml\/","og_locale":"en_GB","og_type":"article","og_title":"Tintas Equium 9.30 Color Kosswell 60ml - ohnia","og_description":"\u201cEQUIUM Kosswell Corante Permanente 60ml Tratamento de colora\u00e7\u00e3o em creme de oxida\u00e7\u00e3o. Cobertura perfeita dos cabelos brancos. Cores vivas e brilhantes. Luz no seu cabelo. Tratamento intenso e vigoroso gra\u00e7as \u00e0 tecnologia fosfolip\u00eddica que atua desde o interior da fibra capilar, conferindo for\u00e7a e resist\u00eancia aos cabelos. Efeito de brilho intenso gra\u00e7as ao hidrolisado de [&hellip;]","og_url":"https:\/\/ohnia.com.pt\/en\/ohnia-cosmetic-produtos-beleza-moda-glamour-cabeleireira-barbeiro-manicure-pedicure\/kosswell-tintas-equium-9-30-color-60ml\/","og_site_name":"ohnia","article_publisher":"https:\/\/www.facebook.com\/edcosmetic.pt\/","article_modified_time":"2025-12-10T18:21:59+00:00","og_image":[{"width":960,"height":960,"url":"https:\/\/ohnia.com.pt\/wp-content\/uploads\/2023\/10\/Kosswell-tinta-Equium-9.30.jpg","type":"image\/jpeg"}],"twitter_card":"summary_large_image","twitter_misc":{"Estimated reading time":"1 minute"},"schema":{"@context":"https:\/\/schema.org","@graph":[{"@type":"WebPage","@id":"https:\/\/ohnia.com.pt\/ohnia-cosmetic-produtos-beleza-moda-glamour-cabeleireira-barbeiro-manicure-pedicure\/kosswell-tintas-equium-9-30-color-60ml\/","url":"https:\/\/ohnia.com.pt\/ohnia-cosmetic-produtos-beleza-moda-glamour-cabeleireira-barbeiro-manicure-pedicure\/kosswell-tintas-equium-9-30-color-60ml\/","name":"Tintas Equium 9.30 Color Kosswell 60ml - ohnia","isPartOf":{"@id":"https:\/\/ohnia.com.pt\/#website"},"primaryImageOfPage":{"@id":"https:\/\/ohnia.com.pt\/ohnia-cosmetic-produtos-beleza-moda-glamour-cabeleireira-barbeiro-manicure-pedicure\/kosswell-tintas-equium-9-30-color-60ml\/#primaryimage"},"image":{"@id":"https:\/\/ohnia.com.pt\/ohnia-cosmetic-produtos-beleza-moda-glamour-cabeleireira-barbeiro-manicure-pedicure\/kosswell-tintas-equium-9-30-color-60ml\/#primaryimage"},"thumbnailUrl":"https:\/\/ohnia.com.pt\/wp-content\/uploads\/2023\/10\/Kosswell-tinta-Equium-9.30.jpg","datePublished":"2023-10-31T11:43:52+00:00","dateModified":"2025-12-10T18:21:59+00:00","breadcrumb":{"@id":"https:\/\/ohnia.com.pt\/ohnia-cosmetic-produtos-beleza-moda-glamour-cabeleireira-barbeiro-manicure-pedicure\/kosswell-tintas-equium-9-30-color-60ml\/#breadcrumb"},"inLanguage":"en-GB","potentialAction":[{"@type":"ReadAction","target":["https:\/\/ohnia.com.pt\/ohnia-cosmetic-produtos-beleza-moda-glamour-cabeleireira-barbeiro-manicure-pedicure\/kosswell-tintas-equium-9-30-color-60ml\/"]}]},{"@type":"ImageObject","inLanguage":"en-GB","@id":"https:\/\/ohnia.com.pt\/ohnia-cosmetic-produtos-beleza-moda-glamour-cabeleireira-barbeiro-manicure-pedicure\/kosswell-tintas-equium-9-30-color-60ml\/#primaryimage","url":"https:\/\/ohnia.com.pt\/wp-content\/uploads\/2023\/10\/Kosswell-tinta-Equium-9.30.jpg","contentUrl":"https:\/\/ohnia.com.pt\/wp-content\/uploads\/2023\/10\/Kosswell-tinta-Equium-9.30.jpg","width":960,"height":960},{"@type":"BreadcrumbList","@id":"https:\/\/ohnia.com.pt\/ohnia-cosmetic-produtos-beleza-moda-glamour-cabeleireira-barbeiro-manicure-pedicure\/kosswell-tintas-equium-9-30-color-60ml\/#breadcrumb","itemListElement":[{"@type":"ListItem","position":1,"name":"In\u00edcio","item":"https:\/\/ohnia.com.pt\/"},{"@type":"ListItem","position":2,"name":"Loja","item":"https:\/\/ohnia.com.pt\/"},{"@type":"ListItem","position":3,"name":"Tintas Equium 9.30 Color Kosswell 60ml"}]},{"@type":"WebSite","@id":"https:\/\/ohnia.com.pt\/#website","url":"https:\/\/ohnia.com.pt\/","name":"Ohnia","description":"A Beleza de um Clique!","publisher":{"@id":"https:\/\/ohnia.com.pt\/#organization"},"potentialAction":[{"@type":"SearchAction","target":{"@type":"EntryPoint","urlTemplate":"https:\/\/ohnia.com.pt\/?s={search_term_string}"},"query-input":{"@type":"PropertyValueSpecification","valueRequired":true,"valueName":"search_term_string"}}],"inLanguage":"en-GB"},{"@type":"Organization","@id":"https:\/\/ohnia.com.pt\/#organization","name":"Ohnia","url":"https:\/\/ohnia.com.pt\/","logo":{"@type":"ImageObject","inLanguage":"en-GB","@id":"https:\/\/ohnia.com.pt\/#\/schema\/logo\/image\/","url":"https:\/\/ohnia.com.pt\/wp-content\/uploads\/2025\/04\/OhniaSimples.png","contentUrl":"https:\/\/ohnia.com.pt\/wp-content\/uploads\/2025\/04\/OhniaSimples.png","width":1024,"height":1024,"caption":"Ohnia"},"image":{"@id":"https:\/\/ohnia.com.pt\/#\/schema\/logo\/image\/"},"sameAs":["https:\/\/www.facebook.com\/edcosmetic.pt\/"]}]}},"_links":{"self":[{"href":"https:\/\/ohnia.com.pt\/en\/wp-json\/wp\/v2\/product\/7101","targetHints":{"allow":["GET"]}}],"collection":[{"href":"https:\/\/ohnia.com.pt\/en\/wp-json\/wp\/v2\/product"}],"about":[{"href":"https:\/\/ohnia.com.pt\/en\/wp-json\/wp\/v2\/types\/product"}],"replies":[{"embeddable":true,"href":"https:\/\/ohnia.com.pt\/en\/wp-json\/wp\/v2\/comments?post=7101"}],"version-history":[{"count":3,"href":"https:\/\/ohnia.com.pt\/en\/wp-json\/wp\/v2\/product\/7101\/revisions"}],"predecessor-version":[{"id":8830,"href":"https:\/\/ohnia.com.pt\/en\/wp-json\/wp\/v2\/product\/7101\/revisions\/8830"}],"wp:featuredmedia":[{"embeddable":true,"href":"https:\/\/ohnia.com.pt\/en\/wp-json\/wp\/v2\/media\/7098"}],"wp:attachment":[{"href":"https:\/\/ohnia.com.pt\/en\/wp-json\/wp\/v2\/media?parent=7101"}],"wp:term":[{"taxonomy":"product_brand","embeddable":true,"href":"https:\/\/ohnia.com.pt\/en\/wp-json\/wp\/v2\/product_brand?post=7101"},{"taxonomy":"product_cat","embeddable":true,"href":"https:\/\/ohnia.com.pt\/en\/wp-json\/wp\/v2\/product_cat?post=7101"},{"taxonomy":"product_tag","embeddable":true,"href":"https:\/\/ohnia.com.pt\/en\/wp-json\/wp\/v2\/product_tag?post=7101"}],"curies":[{"name":"wp","href":"https:\/\/api.w.org\/{rel}","templated":true}]}}