{"id":6981,"date":"2023-10-24T17:37:34","date_gmt":"2023-10-24T17:37:34","guid":{"rendered":"https:\/\/ohnia.com.pt\/?post_type=product&#038;p=6981"},"modified":"2025-07-24T17:46:30","modified_gmt":"2025-07-24T17:46:30","slug":"glossco-oxigloss-oxidante-20-vol-6-75ml","status":"publish","type":"product","link":"https:\/\/ohnia.com.pt\/en\/ohnia-cosmetic-produtos-beleza-moda-glamour-cabeleireira-barbeiro-manicure-pedicure\/glossco-oxigloss-oxidante-20-vol-6-75ml\/","title":{"rendered":"Oxidante 20 vol. 6% 75ml &#8211; Glossco"},"content":{"rendered":"<p>\u201c<\/p>\n<p>Aplica\u00e7\u00e3o:<\/p>\n<p>Misture 100 ml da cor Glossco ou Namony com 150 ml de Oxigloss em recipiente n\u00e3o met\u00e1lico. Aplicar nos cabelos secos e n\u00e3o lavados. Aplicar de acordo com a t\u00e9cnica e resultados desejados. Recomenda-se um tempo m\u00e1ximo de exposi\u00e7\u00e3o de 35 minutos.<\/p>\n<p><strong>Activos\/ Ingredientes:<\/strong><\/p>\n<p>Aqua, Hydrogen Peroxide, Cetearyl Alcohol, Ceteareth-20, Paraffinum Liquidum, Sodium Stannate, Tetrasodium Pyrophosphate, Sodium Lauryl Sulfate, Disodium Phosphate, Phosphoric Acid, Sodium Sulfate, Tetrasodium EDTA, Sodium Hydroxide.\u201d<\/p>","protected":false},"excerpt":{"rendered":"<p>\u201c Aplica\u00e7\u00e3o: Misture 100 ml da cor Glossco ou Namony com 150 ml de Oxigloss em recipiente n\u00e3o met\u00e1lico. Aplicar nos cabelos secos e n\u00e3o lavados. Aplicar de acordo com a t\u00e9cnica e resultados desejados. Recomenda-se um tempo m\u00e1ximo de exposi\u00e7\u00e3o de 35 minutos. Activos\/ Ingredientes: Aqua, Hydrogen Peroxide, Cetearyl Alcohol, Ceteareth-20, Paraffinum Liquidum, Sodium [&hellip;]<\/p>\n","protected":false},"featured_media":6985,"comment_status":"open","ping_status":"closed","template":"","meta":{"_joinchat":[]},"product_brand":[],"product_cat":[17,30,63,158,161],"product_tag":[],"class_list":{"0":"post-6981","1":"product","2":"type-product","3":"status-publish","4":"has-post-thumbnail","6":"product_cat-cabelo","7":"product_cat-coloracao","8":"product_cat-complementos-de-cabeleireiro","9":"product_cat-oxidantes","10":"product_cat-todos","12":"first","13":"instock","14":"sold-individually","15":"taxable","16":"shipping-taxable","17":"purchasable","18":"product-type-simple"},"yoast_head":"<!-- This site is optimized with the Yoast SEO plugin v26.7 - https:\/\/yoast.com\/wordpress\/plugins\/seo\/ -->\n<title>Oxidante 20 vol. 6% 75ml - Glossco - ohnia<\/title>\n<meta name=\"robots\" content=\"index, follow, max-snippet:-1, max-image-preview:large, max-video-preview:-1\" \/>\n<link rel=\"canonical\" href=\"https:\/\/ohnia.com.pt\/en\/ohnia-cosmetic-produtos-beleza-moda-glamour-cabeleireira-barbeiro-manicure-pedicure\/glossco-oxigloss-oxidante-20-vol-6-75ml\/\" \/>\n<meta property=\"og:locale\" content=\"en_GB\" \/>\n<meta property=\"og:type\" content=\"article\" \/>\n<meta property=\"og:title\" content=\"Oxidante 20 vol. 6% 75ml - Glossco - ohnia\" \/>\n<meta property=\"og:description\" content=\"\u201c Aplica\u00e7\u00e3o: Misture 100 ml da cor Glossco ou Namony com 150 ml de Oxigloss em recipiente n\u00e3o met\u00e1lico. Aplicar nos cabelos secos e n\u00e3o lavados. Aplicar de acordo com a t\u00e9cnica e resultados desejados. Recomenda-se um tempo m\u00e1ximo de exposi\u00e7\u00e3o de 35 minutos. Activos\/ Ingredientes: Aqua, Hydrogen Peroxide, Cetearyl Alcohol, Ceteareth-20, Paraffinum Liquidum, Sodium [&hellip;]\" \/>\n<meta property=\"og:url\" content=\"https:\/\/ohnia.com.pt\/en\/ohnia-cosmetic-produtos-beleza-moda-glamour-cabeleireira-barbeiro-manicure-pedicure\/glossco-oxigloss-oxidante-20-vol-6-75ml\/\" \/>\n<meta property=\"og:site_name\" content=\"ohnia\" \/>\n<meta property=\"article:publisher\" content=\"https:\/\/www.facebook.com\/edcosmetic.pt\/\" \/>\n<meta property=\"article:modified_time\" content=\"2025-07-24T17:46:30+00:00\" \/>\n<meta property=\"og:image\" content=\"https:\/\/ohnia.com.pt\/wp-content\/uploads\/2023\/10\/Glossco-Oxigloss-Oxidante-20-Vol.-6-75ml.jpg\" \/>\n\t<meta property=\"og:image:width\" content=\"960\" \/>\n\t<meta property=\"og:image:height\" content=\"960\" \/>\n\t<meta property=\"og:image:type\" content=\"image\/jpeg\" \/>\n<meta name=\"twitter:card\" content=\"summary_large_image\" \/>\n<meta name=\"twitter:label1\" content=\"Estimated reading time\" \/>\n\t<meta name=\"twitter:data1\" content=\"1 minute\" \/>\n<script type=\"application\/ld+json\" class=\"yoast-schema-graph\">{\"@context\":\"https:\/\/schema.org\",\"@graph\":[{\"@type\":\"WebPage\",\"@id\":\"https:\/\/ohnia.com.pt\/ohnia-cosmetic-produtos-beleza-moda-glamour-cabeleireira-barbeiro-manicure-pedicure\/glossco-oxigloss-oxidante-20-vol-6-75ml\/\",\"url\":\"https:\/\/ohnia.com.pt\/ohnia-cosmetic-produtos-beleza-moda-glamour-cabeleireira-barbeiro-manicure-pedicure\/glossco-oxigloss-oxidante-20-vol-6-75ml\/\",\"name\":\"Oxidante 20 vol. 6% 75ml - Glossco - ohnia\",\"isPartOf\":{\"@id\":\"https:\/\/ohnia.com.pt\/#website\"},\"primaryImageOfPage\":{\"@id\":\"https:\/\/ohnia.com.pt\/ohnia-cosmetic-produtos-beleza-moda-glamour-cabeleireira-barbeiro-manicure-pedicure\/glossco-oxigloss-oxidante-20-vol-6-75ml\/#primaryimage\"},\"image\":{\"@id\":\"https:\/\/ohnia.com.pt\/ohnia-cosmetic-produtos-beleza-moda-glamour-cabeleireira-barbeiro-manicure-pedicure\/glossco-oxigloss-oxidante-20-vol-6-75ml\/#primaryimage\"},\"thumbnailUrl\":\"https:\/\/ohnia.com.pt\/wp-content\/uploads\/2023\/10\/Glossco-Oxigloss-Oxidante-20-Vol.-6-75ml.jpg\",\"datePublished\":\"2023-10-24T17:37:34+00:00\",\"dateModified\":\"2025-07-24T17:46:30+00:00\",\"breadcrumb\":{\"@id\":\"https:\/\/ohnia.com.pt\/ohnia-cosmetic-produtos-beleza-moda-glamour-cabeleireira-barbeiro-manicure-pedicure\/glossco-oxigloss-oxidante-20-vol-6-75ml\/#breadcrumb\"},\"inLanguage\":\"en-GB\",\"potentialAction\":[{\"@type\":\"ReadAction\",\"target\":[\"https:\/\/ohnia.com.pt\/ohnia-cosmetic-produtos-beleza-moda-glamour-cabeleireira-barbeiro-manicure-pedicure\/glossco-oxigloss-oxidante-20-vol-6-75ml\/\"]}]},{\"@type\":\"ImageObject\",\"inLanguage\":\"en-GB\",\"@id\":\"https:\/\/ohnia.com.pt\/ohnia-cosmetic-produtos-beleza-moda-glamour-cabeleireira-barbeiro-manicure-pedicure\/glossco-oxigloss-oxidante-20-vol-6-75ml\/#primaryimage\",\"url\":\"https:\/\/ohnia.com.pt\/wp-content\/uploads\/2023\/10\/Glossco-Oxigloss-Oxidante-20-Vol.-6-75ml.jpg\",\"contentUrl\":\"https:\/\/ohnia.com.pt\/wp-content\/uploads\/2023\/10\/Glossco-Oxigloss-Oxidante-20-Vol.-6-75ml.jpg\",\"width\":960,\"height\":960},{\"@type\":\"BreadcrumbList\",\"@id\":\"https:\/\/ohnia.com.pt\/ohnia-cosmetic-produtos-beleza-moda-glamour-cabeleireira-barbeiro-manicure-pedicure\/glossco-oxigloss-oxidante-20-vol-6-75ml\/#breadcrumb\",\"itemListElement\":[{\"@type\":\"ListItem\",\"position\":1,\"name\":\"In\u00edcio\",\"item\":\"https:\/\/ohnia.com.pt\/\"},{\"@type\":\"ListItem\",\"position\":2,\"name\":\"Loja\",\"item\":\"https:\/\/ohnia.com.pt\/\"},{\"@type\":\"ListItem\",\"position\":3,\"name\":\"Oxidante 20 vol. 6% 75ml &#8211; Glossco\"}]},{\"@type\":\"WebSite\",\"@id\":\"https:\/\/ohnia.com.pt\/#website\",\"url\":\"https:\/\/ohnia.com.pt\/\",\"name\":\"Ohnia\",\"description\":\"A Beleza de um Clique!\",\"publisher\":{\"@id\":\"https:\/\/ohnia.com.pt\/#organization\"},\"potentialAction\":[{\"@type\":\"SearchAction\",\"target\":{\"@type\":\"EntryPoint\",\"urlTemplate\":\"https:\/\/ohnia.com.pt\/?s={search_term_string}\"},\"query-input\":{\"@type\":\"PropertyValueSpecification\",\"valueRequired\":true,\"valueName\":\"search_term_string\"}}],\"inLanguage\":\"en-GB\"},{\"@type\":\"Organization\",\"@id\":\"https:\/\/ohnia.com.pt\/#organization\",\"name\":\"Ohnia\",\"url\":\"https:\/\/ohnia.com.pt\/\",\"logo\":{\"@type\":\"ImageObject\",\"inLanguage\":\"en-GB\",\"@id\":\"https:\/\/ohnia.com.pt\/#\/schema\/logo\/image\/\",\"url\":\"https:\/\/ohnia.com.pt\/wp-content\/uploads\/2025\/04\/OhniaSimples.png\",\"contentUrl\":\"https:\/\/ohnia.com.pt\/wp-content\/uploads\/2025\/04\/OhniaSimples.png\",\"width\":1024,\"height\":1024,\"caption\":\"Ohnia\"},\"image\":{\"@id\":\"https:\/\/ohnia.com.pt\/#\/schema\/logo\/image\/\"},\"sameAs\":[\"https:\/\/www.facebook.com\/edcosmetic.pt\/\"]}]}<\/script>\n<!-- \/ Yoast SEO plugin. -->","yoast_head_json":{"title":"Oxidante 20 vol. 6% 75ml - Glossco - ohnia","robots":{"index":"index","follow":"follow","max-snippet":"max-snippet:-1","max-image-preview":"max-image-preview:large","max-video-preview":"max-video-preview:-1"},"canonical":"https:\/\/ohnia.com.pt\/en\/ohnia-cosmetic-produtos-beleza-moda-glamour-cabeleireira-barbeiro-manicure-pedicure\/glossco-oxigloss-oxidante-20-vol-6-75ml\/","og_locale":"en_GB","og_type":"article","og_title":"Oxidante 20 vol. 6% 75ml - Glossco - ohnia","og_description":"\u201c Aplica\u00e7\u00e3o: Misture 100 ml da cor Glossco ou Namony com 150 ml de Oxigloss em recipiente n\u00e3o met\u00e1lico. Aplicar nos cabelos secos e n\u00e3o lavados. Aplicar de acordo com a t\u00e9cnica e resultados desejados. Recomenda-se um tempo m\u00e1ximo de exposi\u00e7\u00e3o de 35 minutos. Activos\/ Ingredientes: Aqua, Hydrogen Peroxide, Cetearyl Alcohol, Ceteareth-20, Paraffinum Liquidum, Sodium [&hellip;]","og_url":"https:\/\/ohnia.com.pt\/en\/ohnia-cosmetic-produtos-beleza-moda-glamour-cabeleireira-barbeiro-manicure-pedicure\/glossco-oxigloss-oxidante-20-vol-6-75ml\/","og_site_name":"ohnia","article_publisher":"https:\/\/www.facebook.com\/edcosmetic.pt\/","article_modified_time":"2025-07-24T17:46:30+00:00","og_image":[{"width":960,"height":960,"url":"https:\/\/ohnia.com.pt\/wp-content\/uploads\/2023\/10\/Glossco-Oxigloss-Oxidante-20-Vol.-6-75ml.jpg","type":"image\/jpeg"}],"twitter_card":"summary_large_image","twitter_misc":{"Estimated reading time":"1 minute"},"schema":{"@context":"https:\/\/schema.org","@graph":[{"@type":"WebPage","@id":"https:\/\/ohnia.com.pt\/ohnia-cosmetic-produtos-beleza-moda-glamour-cabeleireira-barbeiro-manicure-pedicure\/glossco-oxigloss-oxidante-20-vol-6-75ml\/","url":"https:\/\/ohnia.com.pt\/ohnia-cosmetic-produtos-beleza-moda-glamour-cabeleireira-barbeiro-manicure-pedicure\/glossco-oxigloss-oxidante-20-vol-6-75ml\/","name":"Oxidante 20 vol. 6% 75ml - Glossco - ohnia","isPartOf":{"@id":"https:\/\/ohnia.com.pt\/#website"},"primaryImageOfPage":{"@id":"https:\/\/ohnia.com.pt\/ohnia-cosmetic-produtos-beleza-moda-glamour-cabeleireira-barbeiro-manicure-pedicure\/glossco-oxigloss-oxidante-20-vol-6-75ml\/#primaryimage"},"image":{"@id":"https:\/\/ohnia.com.pt\/ohnia-cosmetic-produtos-beleza-moda-glamour-cabeleireira-barbeiro-manicure-pedicure\/glossco-oxigloss-oxidante-20-vol-6-75ml\/#primaryimage"},"thumbnailUrl":"https:\/\/ohnia.com.pt\/wp-content\/uploads\/2023\/10\/Glossco-Oxigloss-Oxidante-20-Vol.-6-75ml.jpg","datePublished":"2023-10-24T17:37:34+00:00","dateModified":"2025-07-24T17:46:30+00:00","breadcrumb":{"@id":"https:\/\/ohnia.com.pt\/ohnia-cosmetic-produtos-beleza-moda-glamour-cabeleireira-barbeiro-manicure-pedicure\/glossco-oxigloss-oxidante-20-vol-6-75ml\/#breadcrumb"},"inLanguage":"en-GB","potentialAction":[{"@type":"ReadAction","target":["https:\/\/ohnia.com.pt\/ohnia-cosmetic-produtos-beleza-moda-glamour-cabeleireira-barbeiro-manicure-pedicure\/glossco-oxigloss-oxidante-20-vol-6-75ml\/"]}]},{"@type":"ImageObject","inLanguage":"en-GB","@id":"https:\/\/ohnia.com.pt\/ohnia-cosmetic-produtos-beleza-moda-glamour-cabeleireira-barbeiro-manicure-pedicure\/glossco-oxigloss-oxidante-20-vol-6-75ml\/#primaryimage","url":"https:\/\/ohnia.com.pt\/wp-content\/uploads\/2023\/10\/Glossco-Oxigloss-Oxidante-20-Vol.-6-75ml.jpg","contentUrl":"https:\/\/ohnia.com.pt\/wp-content\/uploads\/2023\/10\/Glossco-Oxigloss-Oxidante-20-Vol.-6-75ml.jpg","width":960,"height":960},{"@type":"BreadcrumbList","@id":"https:\/\/ohnia.com.pt\/ohnia-cosmetic-produtos-beleza-moda-glamour-cabeleireira-barbeiro-manicure-pedicure\/glossco-oxigloss-oxidante-20-vol-6-75ml\/#breadcrumb","itemListElement":[{"@type":"ListItem","position":1,"name":"In\u00edcio","item":"https:\/\/ohnia.com.pt\/"},{"@type":"ListItem","position":2,"name":"Loja","item":"https:\/\/ohnia.com.pt\/"},{"@type":"ListItem","position":3,"name":"Oxidante 20 vol. 6% 75ml &#8211; Glossco"}]},{"@type":"WebSite","@id":"https:\/\/ohnia.com.pt\/#website","url":"https:\/\/ohnia.com.pt\/","name":"Ohnia","description":"A Beleza de um Clique!","publisher":{"@id":"https:\/\/ohnia.com.pt\/#organization"},"potentialAction":[{"@type":"SearchAction","target":{"@type":"EntryPoint","urlTemplate":"https:\/\/ohnia.com.pt\/?s={search_term_string}"},"query-input":{"@type":"PropertyValueSpecification","valueRequired":true,"valueName":"search_term_string"}}],"inLanguage":"en-GB"},{"@type":"Organization","@id":"https:\/\/ohnia.com.pt\/#organization","name":"Ohnia","url":"https:\/\/ohnia.com.pt\/","logo":{"@type":"ImageObject","inLanguage":"en-GB","@id":"https:\/\/ohnia.com.pt\/#\/schema\/logo\/image\/","url":"https:\/\/ohnia.com.pt\/wp-content\/uploads\/2025\/04\/OhniaSimples.png","contentUrl":"https:\/\/ohnia.com.pt\/wp-content\/uploads\/2025\/04\/OhniaSimples.png","width":1024,"height":1024,"caption":"Ohnia"},"image":{"@id":"https:\/\/ohnia.com.pt\/#\/schema\/logo\/image\/"},"sameAs":["https:\/\/www.facebook.com\/edcosmetic.pt\/"]}]}},"_links":{"self":[{"href":"https:\/\/ohnia.com.pt\/en\/wp-json\/wp\/v2\/product\/6981","targetHints":{"allow":["GET"]}}],"collection":[{"href":"https:\/\/ohnia.com.pt\/en\/wp-json\/wp\/v2\/product"}],"about":[{"href":"https:\/\/ohnia.com.pt\/en\/wp-json\/wp\/v2\/types\/product"}],"replies":[{"embeddable":true,"href":"https:\/\/ohnia.com.pt\/en\/wp-json\/wp\/v2\/comments?post=6981"}],"version-history":[{"count":6,"href":"https:\/\/ohnia.com.pt\/en\/wp-json\/wp\/v2\/product\/6981\/revisions"}],"predecessor-version":[{"id":8419,"href":"https:\/\/ohnia.com.pt\/en\/wp-json\/wp\/v2\/product\/6981\/revisions\/8419"}],"wp:featuredmedia":[{"embeddable":true,"href":"https:\/\/ohnia.com.pt\/en\/wp-json\/wp\/v2\/media\/6985"}],"wp:attachment":[{"href":"https:\/\/ohnia.com.pt\/en\/wp-json\/wp\/v2\/media?parent=6981"}],"wp:term":[{"taxonomy":"product_brand","embeddable":true,"href":"https:\/\/ohnia.com.pt\/en\/wp-json\/wp\/v2\/product_brand?post=6981"},{"taxonomy":"product_cat","embeddable":true,"href":"https:\/\/ohnia.com.pt\/en\/wp-json\/wp\/v2\/product_cat?post=6981"},{"taxonomy":"product_tag","embeddable":true,"href":"https:\/\/ohnia.com.pt\/en\/wp-json\/wp\/v2\/product_tag?post=6981"}],"curies":[{"name":"wp","href":"https:\/\/api.w.org\/{rel}","templated":true}]}}