{"id":6586,"date":"2023-08-24T11:01:09","date_gmt":"2023-08-24T11:01:09","guid":{"rendered":"https:\/\/ohnia.com.pt\/?post_type=product&#038;p=6586"},"modified":"2025-01-27T18:53:55","modified_gmt":"2025-01-27T18:53:55","slug":"tinta-fantasia-clear-gloss-neutro-color-beat-mask-glossco-100ml","status":"publish","type":"product","link":"https:\/\/ohnia.com.pt\/en\/ohnia-cosmetic-produtos-beleza-moda-glamour-cabeleireira-barbeiro-manicure-pedicure\/tinta-fantasia-clear-gloss-neutro-color-beat-mask-glossco-100ml\/","title":{"rendered":"Tinta Fantasia Clear &#038; Gloss (neutro) Color Beat Mask Glossco 100ML"},"content":{"rendered":"<p>\u201cCreme amaciador sem pigmento indicado para criar tons pastel atrav\u00e9s da sua mistura com os tons fantasy da Color Beat. Pode ser utilizado sozinho como mascara capilar, poisa sua formula \u00e9 enriquecida com Gard\u00e9nia e \u00f3leo de Coco, que \u00e9 um complexo org\u00e2nico excelente para tratar o cabelo, suaviz\u00e1-lo e proporcionar um extra de brilho.<\/p>\n<p>Aplica\u00e7\u00e3o com Clear &amp; Gloss Mask para conseguir tons pastel.:<\/p>\n<p>Misturar numa tigela a cor Fantasy escolhida com Clear &amp; Gloss Mask. a propor\u00e7\u00e3o de Fantasy \/ Clear variar\u00e1 em fun\u00e7\u00e3o do resultado da cor desejado. A mistura orientativa ser\u00e1 de 1 g cor Fantasy: 5 g Clear &amp; Gloss Mask ( ver outras propor\u00e7\u00f5es na bolsa). Tempo de exposi\u00e7\u00e3o \u00f3timo: 15 minutos. Deixe atuar at\u00e9 30 minutos para resultados mais duradouros e mais intensos. enxaguar abundantemente com \u00e1gua at\u00e9 que saia clara ( n\u00e3o utilizar champ\u00f4)\u201d<\/p>\n<p>&nbsp;<\/p>\n<p>Ver no YouTube:<\/p>\n<p><iframe title=\"COLOR BEAT - PASO A PASO GLOSSCO\" width=\"640\" height=\"360\" src=\"https:\/\/www.youtube.com\/embed\/kxyRvFwz-vM?start=7&#038;feature=oembed\" frameborder=\"0\" allow=\"accelerometer; autoplay; clipboard-write; encrypted-media; gyroscope; picture-in-picture; web-share\" referrerpolicy=\"strict-origin-when-cross-origin\" allowfullscreen><\/iframe><\/p>\n<p>&nbsp;<\/p>\n<p><iframe title=\"COLOR BEAT (espa\u00f1ol)\" width=\"640\" height=\"360\" src=\"https:\/\/www.youtube.com\/embed\/F0-VezBfwOE?start=38&#038;feature=oembed\" frameborder=\"0\" allow=\"accelerometer; autoplay; clipboard-write; encrypted-media; gyroscope; picture-in-picture; web-share\" referrerpolicy=\"strict-origin-when-cross-origin\" allowfullscreen><\/iframe><\/p>","protected":false},"excerpt":{"rendered":"<p>\u201cCreme amaciador sem pigmento indicado para criar tons pastel atrav\u00e9s da sua mistura com os tons fantasy da Color Beat. Pode ser utilizado sozinho como mascara capilar, poisa sua formula \u00e9 enriquecida com Gard\u00e9nia e \u00f3leo de Coco, que \u00e9 um complexo org\u00e2nico excelente para tratar o cabelo, suaviz\u00e1-lo e proporcionar um extra de brilho. [&hellip;]<\/p>\n","protected":false},"featured_media":6949,"comment_status":"open","ping_status":"closed","template":"","meta":{"_joinchat":[]},"product_brand":[],"product_cat":[17,63,148,161],"product_tag":[],"class_list":{"0":"post-6586","1":"product","2":"type-product","3":"status-publish","4":"has-post-thumbnail","6":"product_cat-cabelo","7":"product_cat-complementos-de-cabeleireiro","8":"product_cat-tintas","9":"product_cat-todos","11":"first","12":"instock","13":"taxable","14":"shipping-taxable","15":"purchasable","16":"product-type-simple"},"yoast_head":"<!-- This site is optimized with the Yoast SEO plugin v26.7 - https:\/\/yoast.com\/wordpress\/plugins\/seo\/ -->\n<title>Tinta Fantasia Clear &amp; Gloss (neutro) Color Beat Mask Glossco 100ML - ohnia<\/title>\n<meta name=\"robots\" content=\"index, follow, max-snippet:-1, max-image-preview:large, max-video-preview:-1\" \/>\n<link rel=\"canonical\" href=\"https:\/\/ohnia.com.pt\/en\/ohnia-cosmetic-produtos-beleza-moda-glamour-cabeleireira-barbeiro-manicure-pedicure\/tinta-fantasia-clear-gloss-neutro-color-beat-mask-glossco-100ml\/\" \/>\n<meta property=\"og:locale\" content=\"en_GB\" \/>\n<meta property=\"og:type\" content=\"article\" \/>\n<meta property=\"og:title\" content=\"Tinta Fantasia Clear &amp; Gloss (neutro) Color Beat Mask Glossco 100ML - ohnia\" \/>\n<meta property=\"og:description\" content=\"\u201cCreme amaciador sem pigmento indicado para criar tons pastel atrav\u00e9s da sua mistura com os tons fantasy da Color Beat. Pode ser utilizado sozinho como mascara capilar, poisa sua formula \u00e9 enriquecida com Gard\u00e9nia e \u00f3leo de Coco, que \u00e9 um complexo org\u00e2nico excelente para tratar o cabelo, suaviz\u00e1-lo e proporcionar um extra de brilho. [&hellip;]\" \/>\n<meta property=\"og:url\" content=\"https:\/\/ohnia.com.pt\/en\/ohnia-cosmetic-produtos-beleza-moda-glamour-cabeleireira-barbeiro-manicure-pedicure\/tinta-fantasia-clear-gloss-neutro-color-beat-mask-glossco-100ml\/\" \/>\n<meta property=\"og:site_name\" content=\"ohnia\" \/>\n<meta property=\"article:publisher\" content=\"https:\/\/www.facebook.com\/edcosmetic.pt\/\" \/>\n<meta property=\"article:modified_time\" content=\"2025-01-27T18:53:55+00:00\" \/>\n<meta property=\"og:image\" content=\"https:\/\/ohnia.com.pt\/wp-content\/uploads\/2023\/10\/Glossco-Clear-Gloss-neutro-Color-Beat-Mask-Fantasia-100ML.jpg\" \/>\n\t<meta property=\"og:image:width\" content=\"956\" \/>\n\t<meta property=\"og:image:height\" content=\"960\" \/>\n\t<meta property=\"og:image:type\" content=\"image\/jpeg\" \/>\n<meta name=\"twitter:card\" content=\"summary_large_image\" \/>\n<meta name=\"twitter:label1\" content=\"Estimated reading time\" \/>\n\t<meta name=\"twitter:data1\" content=\"1 minute\" \/>\n<script type=\"application\/ld+json\" class=\"yoast-schema-graph\">{\"@context\":\"https:\/\/schema.org\",\"@graph\":[{\"@type\":\"WebPage\",\"@id\":\"https:\/\/ohnia.com.pt\/ohnia-cosmetic-produtos-beleza-moda-glamour-cabeleireira-barbeiro-manicure-pedicure\/tinta-fantasia-clear-gloss-neutro-color-beat-mask-glossco-100ml\/\",\"url\":\"https:\/\/ohnia.com.pt\/ohnia-cosmetic-produtos-beleza-moda-glamour-cabeleireira-barbeiro-manicure-pedicure\/tinta-fantasia-clear-gloss-neutro-color-beat-mask-glossco-100ml\/\",\"name\":\"Tinta Fantasia Clear & Gloss (neutro) Color Beat Mask Glossco 100ML - ohnia\",\"isPartOf\":{\"@id\":\"https:\/\/ohnia.com.pt\/#website\"},\"primaryImageOfPage\":{\"@id\":\"https:\/\/ohnia.com.pt\/ohnia-cosmetic-produtos-beleza-moda-glamour-cabeleireira-barbeiro-manicure-pedicure\/tinta-fantasia-clear-gloss-neutro-color-beat-mask-glossco-100ml\/#primaryimage\"},\"image\":{\"@id\":\"https:\/\/ohnia.com.pt\/ohnia-cosmetic-produtos-beleza-moda-glamour-cabeleireira-barbeiro-manicure-pedicure\/tinta-fantasia-clear-gloss-neutro-color-beat-mask-glossco-100ml\/#primaryimage\"},\"thumbnailUrl\":\"https:\/\/ohnia.com.pt\/wp-content\/uploads\/2023\/10\/Glossco-Clear-Gloss-neutro-Color-Beat-Mask-Fantasia-100ML.jpg\",\"datePublished\":\"2023-08-24T11:01:09+00:00\",\"dateModified\":\"2025-01-27T18:53:55+00:00\",\"breadcrumb\":{\"@id\":\"https:\/\/ohnia.com.pt\/ohnia-cosmetic-produtos-beleza-moda-glamour-cabeleireira-barbeiro-manicure-pedicure\/tinta-fantasia-clear-gloss-neutro-color-beat-mask-glossco-100ml\/#breadcrumb\"},\"inLanguage\":\"en-GB\",\"potentialAction\":[{\"@type\":\"ReadAction\",\"target\":[\"https:\/\/ohnia.com.pt\/ohnia-cosmetic-produtos-beleza-moda-glamour-cabeleireira-barbeiro-manicure-pedicure\/tinta-fantasia-clear-gloss-neutro-color-beat-mask-glossco-100ml\/\"]}]},{\"@type\":\"ImageObject\",\"inLanguage\":\"en-GB\",\"@id\":\"https:\/\/ohnia.com.pt\/ohnia-cosmetic-produtos-beleza-moda-glamour-cabeleireira-barbeiro-manicure-pedicure\/tinta-fantasia-clear-gloss-neutro-color-beat-mask-glossco-100ml\/#primaryimage\",\"url\":\"https:\/\/ohnia.com.pt\/wp-content\/uploads\/2023\/10\/Glossco-Clear-Gloss-neutro-Color-Beat-Mask-Fantasia-100ML.jpg\",\"contentUrl\":\"https:\/\/ohnia.com.pt\/wp-content\/uploads\/2023\/10\/Glossco-Clear-Gloss-neutro-Color-Beat-Mask-Fantasia-100ML.jpg\",\"width\":956,\"height\":960},{\"@type\":\"BreadcrumbList\",\"@id\":\"https:\/\/ohnia.com.pt\/ohnia-cosmetic-produtos-beleza-moda-glamour-cabeleireira-barbeiro-manicure-pedicure\/tinta-fantasia-clear-gloss-neutro-color-beat-mask-glossco-100ml\/#breadcrumb\",\"itemListElement\":[{\"@type\":\"ListItem\",\"position\":1,\"name\":\"In\u00edcio\",\"item\":\"https:\/\/ohnia.com.pt\/\"},{\"@type\":\"ListItem\",\"position\":2,\"name\":\"Loja\",\"item\":\"https:\/\/ohnia.com.pt\/\"},{\"@type\":\"ListItem\",\"position\":3,\"name\":\"Tinta Fantasia Clear &#038; Gloss (neutro) Color Beat Mask Glossco 100ML\"}]},{\"@type\":\"WebSite\",\"@id\":\"https:\/\/ohnia.com.pt\/#website\",\"url\":\"https:\/\/ohnia.com.pt\/\",\"name\":\"Ohnia\",\"description\":\"A Beleza de um Clique!\",\"publisher\":{\"@id\":\"https:\/\/ohnia.com.pt\/#organization\"},\"potentialAction\":[{\"@type\":\"SearchAction\",\"target\":{\"@type\":\"EntryPoint\",\"urlTemplate\":\"https:\/\/ohnia.com.pt\/?s={search_term_string}\"},\"query-input\":{\"@type\":\"PropertyValueSpecification\",\"valueRequired\":true,\"valueName\":\"search_term_string\"}}],\"inLanguage\":\"en-GB\"},{\"@type\":\"Organization\",\"@id\":\"https:\/\/ohnia.com.pt\/#organization\",\"name\":\"Ohnia\",\"url\":\"https:\/\/ohnia.com.pt\/\",\"logo\":{\"@type\":\"ImageObject\",\"inLanguage\":\"en-GB\",\"@id\":\"https:\/\/ohnia.com.pt\/#\/schema\/logo\/image\/\",\"url\":\"https:\/\/ohnia.com.pt\/wp-content\/uploads\/2025\/04\/OhniaSimples.png\",\"contentUrl\":\"https:\/\/ohnia.com.pt\/wp-content\/uploads\/2025\/04\/OhniaSimples.png\",\"width\":1024,\"height\":1024,\"caption\":\"Ohnia\"},\"image\":{\"@id\":\"https:\/\/ohnia.com.pt\/#\/schema\/logo\/image\/\"},\"sameAs\":[\"https:\/\/www.facebook.com\/edcosmetic.pt\/\"]}]}<\/script>\n<!-- \/ Yoast SEO plugin. -->","yoast_head_json":{"title":"Tinta Fantasia Clear & Gloss (neutro) Color Beat Mask Glossco 100ML - ohnia","robots":{"index":"index","follow":"follow","max-snippet":"max-snippet:-1","max-image-preview":"max-image-preview:large","max-video-preview":"max-video-preview:-1"},"canonical":"https:\/\/ohnia.com.pt\/en\/ohnia-cosmetic-produtos-beleza-moda-glamour-cabeleireira-barbeiro-manicure-pedicure\/tinta-fantasia-clear-gloss-neutro-color-beat-mask-glossco-100ml\/","og_locale":"en_GB","og_type":"article","og_title":"Tinta Fantasia Clear & Gloss (neutro) Color Beat Mask Glossco 100ML - ohnia","og_description":"\u201cCreme amaciador sem pigmento indicado para criar tons pastel atrav\u00e9s da sua mistura com os tons fantasy da Color Beat. Pode ser utilizado sozinho como mascara capilar, poisa sua formula \u00e9 enriquecida com Gard\u00e9nia e \u00f3leo de Coco, que \u00e9 um complexo org\u00e2nico excelente para tratar o cabelo, suaviz\u00e1-lo e proporcionar um extra de brilho. [&hellip;]","og_url":"https:\/\/ohnia.com.pt\/en\/ohnia-cosmetic-produtos-beleza-moda-glamour-cabeleireira-barbeiro-manicure-pedicure\/tinta-fantasia-clear-gloss-neutro-color-beat-mask-glossco-100ml\/","og_site_name":"ohnia","article_publisher":"https:\/\/www.facebook.com\/edcosmetic.pt\/","article_modified_time":"2025-01-27T18:53:55+00:00","og_image":[{"width":956,"height":960,"url":"https:\/\/ohnia.com.pt\/wp-content\/uploads\/2023\/10\/Glossco-Clear-Gloss-neutro-Color-Beat-Mask-Fantasia-100ML.jpg","type":"image\/jpeg"}],"twitter_card":"summary_large_image","twitter_misc":{"Estimated reading time":"1 minute"},"schema":{"@context":"https:\/\/schema.org","@graph":[{"@type":"WebPage","@id":"https:\/\/ohnia.com.pt\/ohnia-cosmetic-produtos-beleza-moda-glamour-cabeleireira-barbeiro-manicure-pedicure\/tinta-fantasia-clear-gloss-neutro-color-beat-mask-glossco-100ml\/","url":"https:\/\/ohnia.com.pt\/ohnia-cosmetic-produtos-beleza-moda-glamour-cabeleireira-barbeiro-manicure-pedicure\/tinta-fantasia-clear-gloss-neutro-color-beat-mask-glossco-100ml\/","name":"Tinta Fantasia Clear & Gloss (neutro) Color Beat Mask Glossco 100ML - ohnia","isPartOf":{"@id":"https:\/\/ohnia.com.pt\/#website"},"primaryImageOfPage":{"@id":"https:\/\/ohnia.com.pt\/ohnia-cosmetic-produtos-beleza-moda-glamour-cabeleireira-barbeiro-manicure-pedicure\/tinta-fantasia-clear-gloss-neutro-color-beat-mask-glossco-100ml\/#primaryimage"},"image":{"@id":"https:\/\/ohnia.com.pt\/ohnia-cosmetic-produtos-beleza-moda-glamour-cabeleireira-barbeiro-manicure-pedicure\/tinta-fantasia-clear-gloss-neutro-color-beat-mask-glossco-100ml\/#primaryimage"},"thumbnailUrl":"https:\/\/ohnia.com.pt\/wp-content\/uploads\/2023\/10\/Glossco-Clear-Gloss-neutro-Color-Beat-Mask-Fantasia-100ML.jpg","datePublished":"2023-08-24T11:01:09+00:00","dateModified":"2025-01-27T18:53:55+00:00","breadcrumb":{"@id":"https:\/\/ohnia.com.pt\/ohnia-cosmetic-produtos-beleza-moda-glamour-cabeleireira-barbeiro-manicure-pedicure\/tinta-fantasia-clear-gloss-neutro-color-beat-mask-glossco-100ml\/#breadcrumb"},"inLanguage":"en-GB","potentialAction":[{"@type":"ReadAction","target":["https:\/\/ohnia.com.pt\/ohnia-cosmetic-produtos-beleza-moda-glamour-cabeleireira-barbeiro-manicure-pedicure\/tinta-fantasia-clear-gloss-neutro-color-beat-mask-glossco-100ml\/"]}]},{"@type":"ImageObject","inLanguage":"en-GB","@id":"https:\/\/ohnia.com.pt\/ohnia-cosmetic-produtos-beleza-moda-glamour-cabeleireira-barbeiro-manicure-pedicure\/tinta-fantasia-clear-gloss-neutro-color-beat-mask-glossco-100ml\/#primaryimage","url":"https:\/\/ohnia.com.pt\/wp-content\/uploads\/2023\/10\/Glossco-Clear-Gloss-neutro-Color-Beat-Mask-Fantasia-100ML.jpg","contentUrl":"https:\/\/ohnia.com.pt\/wp-content\/uploads\/2023\/10\/Glossco-Clear-Gloss-neutro-Color-Beat-Mask-Fantasia-100ML.jpg","width":956,"height":960},{"@type":"BreadcrumbList","@id":"https:\/\/ohnia.com.pt\/ohnia-cosmetic-produtos-beleza-moda-glamour-cabeleireira-barbeiro-manicure-pedicure\/tinta-fantasia-clear-gloss-neutro-color-beat-mask-glossco-100ml\/#breadcrumb","itemListElement":[{"@type":"ListItem","position":1,"name":"In\u00edcio","item":"https:\/\/ohnia.com.pt\/"},{"@type":"ListItem","position":2,"name":"Loja","item":"https:\/\/ohnia.com.pt\/"},{"@type":"ListItem","position":3,"name":"Tinta Fantasia Clear &#038; Gloss (neutro) Color Beat Mask Glossco 100ML"}]},{"@type":"WebSite","@id":"https:\/\/ohnia.com.pt\/#website","url":"https:\/\/ohnia.com.pt\/","name":"Ohnia","description":"A Beleza de um Clique!","publisher":{"@id":"https:\/\/ohnia.com.pt\/#organization"},"potentialAction":[{"@type":"SearchAction","target":{"@type":"EntryPoint","urlTemplate":"https:\/\/ohnia.com.pt\/?s={search_term_string}"},"query-input":{"@type":"PropertyValueSpecification","valueRequired":true,"valueName":"search_term_string"}}],"inLanguage":"en-GB"},{"@type":"Organization","@id":"https:\/\/ohnia.com.pt\/#organization","name":"Ohnia","url":"https:\/\/ohnia.com.pt\/","logo":{"@type":"ImageObject","inLanguage":"en-GB","@id":"https:\/\/ohnia.com.pt\/#\/schema\/logo\/image\/","url":"https:\/\/ohnia.com.pt\/wp-content\/uploads\/2025\/04\/OhniaSimples.png","contentUrl":"https:\/\/ohnia.com.pt\/wp-content\/uploads\/2025\/04\/OhniaSimples.png","width":1024,"height":1024,"caption":"Ohnia"},"image":{"@id":"https:\/\/ohnia.com.pt\/#\/schema\/logo\/image\/"},"sameAs":["https:\/\/www.facebook.com\/edcosmetic.pt\/"]}]}},"_links":{"self":[{"href":"https:\/\/ohnia.com.pt\/en\/wp-json\/wp\/v2\/product\/6586","targetHints":{"allow":["GET"]}}],"collection":[{"href":"https:\/\/ohnia.com.pt\/en\/wp-json\/wp\/v2\/product"}],"about":[{"href":"https:\/\/ohnia.com.pt\/en\/wp-json\/wp\/v2\/types\/product"}],"replies":[{"embeddable":true,"href":"https:\/\/ohnia.com.pt\/en\/wp-json\/wp\/v2\/comments?post=6586"}],"version-history":[{"count":8,"href":"https:\/\/ohnia.com.pt\/en\/wp-json\/wp\/v2\/product\/6586\/revisions"}],"predecessor-version":[{"id":8690,"href":"https:\/\/ohnia.com.pt\/en\/wp-json\/wp\/v2\/product\/6586\/revisions\/8690"}],"wp:featuredmedia":[{"embeddable":true,"href":"https:\/\/ohnia.com.pt\/en\/wp-json\/wp\/v2\/media\/6949"}],"wp:attachment":[{"href":"https:\/\/ohnia.com.pt\/en\/wp-json\/wp\/v2\/media?parent=6586"}],"wp:term":[{"taxonomy":"product_brand","embeddable":true,"href":"https:\/\/ohnia.com.pt\/en\/wp-json\/wp\/v2\/product_brand?post=6586"},{"taxonomy":"product_cat","embeddable":true,"href":"https:\/\/ohnia.com.pt\/en\/wp-json\/wp\/v2\/product_cat?post=6586"},{"taxonomy":"product_tag","embeddable":true,"href":"https:\/\/ohnia.com.pt\/en\/wp-json\/wp\/v2\/product_tag?post=6586"}],"curies":[{"name":"wp","href":"https:\/\/api.w.org\/{rel}","templated":true}]}}