{"id":511,"date":"2021-01-28T16:00:49","date_gmt":"2021-01-28T16:00:49","guid":{"rendered":"http:\/\/edcosmetic.com\/?post_type=product&#038;p=511"},"modified":"2025-07-24T16:55:52","modified_gmt":"2025-07-24T16:55:52","slug":"fosforos-hemostaticos-thawas","status":"publish","type":"product","link":"https:\/\/ohnia.com.pt\/en\/ohnia-cosmetic-produtos-beleza-moda-glamour-cabeleireira-barbeiro-manicure-pedicure\/fosforos-hemostaticos-thawas\/","title":{"rendered":"F\u00f3sforos Hemost\u00e1ticos,"},"content":{"rendered":"<p>\u201cOs F\u00f3sforos s\u00e3o compostos por agentes ativos que ajudam a estancar o sangue.<br \/>\nCont\u00e9m 20 un.<\/p>\n<p>Modo de Utiliza\u00e7\u00e3o:<br \/>\nAplicar o F\u00f3sforo Hemost\u00e1tico diretamente na ferida para estancar o sangue.\u201c<\/p>","protected":false},"excerpt":{"rendered":"<p>F\u00f3sforos Hemost\u00e1ticos compostos por agentes ativos que ajudam a estancar o sangue em caso de corte involunt\u00e1rio.<\/p>\n<p>Carteira de 20 unidades.<\/p>","protected":false},"featured_media":7448,"comment_status":"open","ping_status":"closed","template":"","meta":{"_joinchat":[]},"product_brand":[],"product_cat":[17,63,62,161],"product_tag":[],"class_list":{"0":"post-511","1":"product","2":"type-product","3":"status-publish","4":"has-post-thumbnail","6":"product_cat-cabelo","7":"product_cat-complementos-de-cabeleireiro","8":"product_cat-laminas-e-navalhas","9":"product_cat-todos","11":"first","12":"instock","13":"sold-individually","14":"taxable","15":"shipping-taxable","16":"purchasable","17":"product-type-simple"},"yoast_head":"<!-- This site is optimized with the Yoast SEO plugin v26.7 - https:\/\/yoast.com\/wordpress\/plugins\/seo\/ -->\n<title>F\u00f3sforos Hemost\u00e1ticos, - ohnia<\/title>\n<meta name=\"robots\" content=\"index, follow, max-snippet:-1, max-image-preview:large, max-video-preview:-1\" \/>\n<link rel=\"canonical\" href=\"https:\/\/ohnia.com.pt\/en\/ohnia-cosmetic-produtos-beleza-moda-glamour-cabeleireira-barbeiro-manicure-pedicure\/fosforos-hemostaticos-thawas\/\" \/>\n<meta property=\"og:locale\" content=\"en_GB\" \/>\n<meta property=\"og:type\" content=\"article\" \/>\n<meta property=\"og:title\" content=\"F\u00f3sforos Hemost\u00e1ticos, - ohnia\" \/>\n<meta property=\"og:description\" content=\"F\u00f3sforos Hemost\u00e1ticos compostos por agentes ativos que ajudam a estancar o sangue em caso de corte involunt\u00e1rio.  Carteira de 20 unidades.\" \/>\n<meta property=\"og:url\" content=\"https:\/\/ohnia.com.pt\/en\/ohnia-cosmetic-produtos-beleza-moda-glamour-cabeleireira-barbeiro-manicure-pedicure\/fosforos-hemostaticos-thawas\/\" \/>\n<meta property=\"og:site_name\" content=\"ohnia\" \/>\n<meta property=\"article:publisher\" content=\"https:\/\/www.facebook.com\/edcosmetic.pt\/\" \/>\n<meta property=\"article:modified_time\" content=\"2025-07-24T16:55:52+00:00\" \/>\n<meta property=\"og:image\" content=\"https:\/\/ohnia.com.pt\/wp-content\/uploads\/2023\/11\/Fosforos-Hemostaticos-Carteira-20-un.jpg\" \/>\n\t<meta property=\"og:image:width\" content=\"960\" \/>\n\t<meta property=\"og:image:height\" content=\"960\" \/>\n\t<meta property=\"og:image:type\" content=\"image\/jpeg\" \/>\n<meta name=\"twitter:card\" content=\"summary_large_image\" \/>\n<script type=\"application\/ld+json\" class=\"yoast-schema-graph\">{\"@context\":\"https:\/\/schema.org\",\"@graph\":[{\"@type\":\"WebPage\",\"@id\":\"https:\/\/ohnia.com.pt\/ohnia-cosmetic-produtos-beleza-moda-glamour-cabeleireira-barbeiro-manicure-pedicure\/fosforos-hemostaticos-thawas\/\",\"url\":\"https:\/\/ohnia.com.pt\/ohnia-cosmetic-produtos-beleza-moda-glamour-cabeleireira-barbeiro-manicure-pedicure\/fosforos-hemostaticos-thawas\/\",\"name\":\"F\u00f3sforos Hemost\u00e1ticos, - ohnia\",\"isPartOf\":{\"@id\":\"https:\/\/ohnia.com.pt\/#website\"},\"primaryImageOfPage\":{\"@id\":\"https:\/\/ohnia.com.pt\/ohnia-cosmetic-produtos-beleza-moda-glamour-cabeleireira-barbeiro-manicure-pedicure\/fosforos-hemostaticos-thawas\/#primaryimage\"},\"image\":{\"@id\":\"https:\/\/ohnia.com.pt\/ohnia-cosmetic-produtos-beleza-moda-glamour-cabeleireira-barbeiro-manicure-pedicure\/fosforos-hemostaticos-thawas\/#primaryimage\"},\"thumbnailUrl\":\"https:\/\/ohnia.com.pt\/wp-content\/uploads\/2023\/11\/Fosforos-Hemostaticos-Carteira-20-un.jpg\",\"datePublished\":\"2021-01-28T16:00:49+00:00\",\"dateModified\":\"2025-07-24T16:55:52+00:00\",\"breadcrumb\":{\"@id\":\"https:\/\/ohnia.com.pt\/ohnia-cosmetic-produtos-beleza-moda-glamour-cabeleireira-barbeiro-manicure-pedicure\/fosforos-hemostaticos-thawas\/#breadcrumb\"},\"inLanguage\":\"en-GB\",\"potentialAction\":[{\"@type\":\"ReadAction\",\"target\":[\"https:\/\/ohnia.com.pt\/ohnia-cosmetic-produtos-beleza-moda-glamour-cabeleireira-barbeiro-manicure-pedicure\/fosforos-hemostaticos-thawas\/\"]}]},{\"@type\":\"ImageObject\",\"inLanguage\":\"en-GB\",\"@id\":\"https:\/\/ohnia.com.pt\/ohnia-cosmetic-produtos-beleza-moda-glamour-cabeleireira-barbeiro-manicure-pedicure\/fosforos-hemostaticos-thawas\/#primaryimage\",\"url\":\"https:\/\/ohnia.com.pt\/wp-content\/uploads\/2023\/11\/Fosforos-Hemostaticos-Carteira-20-un.jpg\",\"contentUrl\":\"https:\/\/ohnia.com.pt\/wp-content\/uploads\/2023\/11\/Fosforos-Hemostaticos-Carteira-20-un.jpg\",\"width\":960,\"height\":960},{\"@type\":\"BreadcrumbList\",\"@id\":\"https:\/\/ohnia.com.pt\/ohnia-cosmetic-produtos-beleza-moda-glamour-cabeleireira-barbeiro-manicure-pedicure\/fosforos-hemostaticos-thawas\/#breadcrumb\",\"itemListElement\":[{\"@type\":\"ListItem\",\"position\":1,\"name\":\"In\u00edcio\",\"item\":\"https:\/\/ohnia.com.pt\/\"},{\"@type\":\"ListItem\",\"position\":2,\"name\":\"Loja\",\"item\":\"https:\/\/ohnia.com.pt\/\"},{\"@type\":\"ListItem\",\"position\":3,\"name\":\"F\u00f3sforos Hemost\u00e1ticos,\"}]},{\"@type\":\"WebSite\",\"@id\":\"https:\/\/ohnia.com.pt\/#website\",\"url\":\"https:\/\/ohnia.com.pt\/\",\"name\":\"Ohnia\",\"description\":\"A Beleza de um Clique!\",\"publisher\":{\"@id\":\"https:\/\/ohnia.com.pt\/#organization\"},\"potentialAction\":[{\"@type\":\"SearchAction\",\"target\":{\"@type\":\"EntryPoint\",\"urlTemplate\":\"https:\/\/ohnia.com.pt\/?s={search_term_string}\"},\"query-input\":{\"@type\":\"PropertyValueSpecification\",\"valueRequired\":true,\"valueName\":\"search_term_string\"}}],\"inLanguage\":\"en-GB\"},{\"@type\":\"Organization\",\"@id\":\"https:\/\/ohnia.com.pt\/#organization\",\"name\":\"Ohnia\",\"url\":\"https:\/\/ohnia.com.pt\/\",\"logo\":{\"@type\":\"ImageObject\",\"inLanguage\":\"en-GB\",\"@id\":\"https:\/\/ohnia.com.pt\/#\/schema\/logo\/image\/\",\"url\":\"https:\/\/ohnia.com.pt\/wp-content\/uploads\/2025\/04\/OhniaSimples.png\",\"contentUrl\":\"https:\/\/ohnia.com.pt\/wp-content\/uploads\/2025\/04\/OhniaSimples.png\",\"width\":1024,\"height\":1024,\"caption\":\"Ohnia\"},\"image\":{\"@id\":\"https:\/\/ohnia.com.pt\/#\/schema\/logo\/image\/\"},\"sameAs\":[\"https:\/\/www.facebook.com\/edcosmetic.pt\/\"]}]}<\/script>\n<!-- \/ Yoast SEO plugin. -->","yoast_head_json":{"title":"F\u00f3sforos Hemost\u00e1ticos, - ohnia","robots":{"index":"index","follow":"follow","max-snippet":"max-snippet:-1","max-image-preview":"max-image-preview:large","max-video-preview":"max-video-preview:-1"},"canonical":"https:\/\/ohnia.com.pt\/en\/ohnia-cosmetic-produtos-beleza-moda-glamour-cabeleireira-barbeiro-manicure-pedicure\/fosforos-hemostaticos-thawas\/","og_locale":"en_GB","og_type":"article","og_title":"F\u00f3sforos Hemost\u00e1ticos, - ohnia","og_description":"F\u00f3sforos Hemost\u00e1ticos compostos por agentes ativos que ajudam a estancar o sangue em caso de corte involunt\u00e1rio.  Carteira de 20 unidades.","og_url":"https:\/\/ohnia.com.pt\/en\/ohnia-cosmetic-produtos-beleza-moda-glamour-cabeleireira-barbeiro-manicure-pedicure\/fosforos-hemostaticos-thawas\/","og_site_name":"ohnia","article_publisher":"https:\/\/www.facebook.com\/edcosmetic.pt\/","article_modified_time":"2025-07-24T16:55:52+00:00","og_image":[{"width":960,"height":960,"url":"https:\/\/ohnia.com.pt\/wp-content\/uploads\/2023\/11\/Fosforos-Hemostaticos-Carteira-20-un.jpg","type":"image\/jpeg"}],"twitter_card":"summary_large_image","schema":{"@context":"https:\/\/schema.org","@graph":[{"@type":"WebPage","@id":"https:\/\/ohnia.com.pt\/ohnia-cosmetic-produtos-beleza-moda-glamour-cabeleireira-barbeiro-manicure-pedicure\/fosforos-hemostaticos-thawas\/","url":"https:\/\/ohnia.com.pt\/ohnia-cosmetic-produtos-beleza-moda-glamour-cabeleireira-barbeiro-manicure-pedicure\/fosforos-hemostaticos-thawas\/","name":"F\u00f3sforos Hemost\u00e1ticos, - ohnia","isPartOf":{"@id":"https:\/\/ohnia.com.pt\/#website"},"primaryImageOfPage":{"@id":"https:\/\/ohnia.com.pt\/ohnia-cosmetic-produtos-beleza-moda-glamour-cabeleireira-barbeiro-manicure-pedicure\/fosforos-hemostaticos-thawas\/#primaryimage"},"image":{"@id":"https:\/\/ohnia.com.pt\/ohnia-cosmetic-produtos-beleza-moda-glamour-cabeleireira-barbeiro-manicure-pedicure\/fosforos-hemostaticos-thawas\/#primaryimage"},"thumbnailUrl":"https:\/\/ohnia.com.pt\/wp-content\/uploads\/2023\/11\/Fosforos-Hemostaticos-Carteira-20-un.jpg","datePublished":"2021-01-28T16:00:49+00:00","dateModified":"2025-07-24T16:55:52+00:00","breadcrumb":{"@id":"https:\/\/ohnia.com.pt\/ohnia-cosmetic-produtos-beleza-moda-glamour-cabeleireira-barbeiro-manicure-pedicure\/fosforos-hemostaticos-thawas\/#breadcrumb"},"inLanguage":"en-GB","potentialAction":[{"@type":"ReadAction","target":["https:\/\/ohnia.com.pt\/ohnia-cosmetic-produtos-beleza-moda-glamour-cabeleireira-barbeiro-manicure-pedicure\/fosforos-hemostaticos-thawas\/"]}]},{"@type":"ImageObject","inLanguage":"en-GB","@id":"https:\/\/ohnia.com.pt\/ohnia-cosmetic-produtos-beleza-moda-glamour-cabeleireira-barbeiro-manicure-pedicure\/fosforos-hemostaticos-thawas\/#primaryimage","url":"https:\/\/ohnia.com.pt\/wp-content\/uploads\/2023\/11\/Fosforos-Hemostaticos-Carteira-20-un.jpg","contentUrl":"https:\/\/ohnia.com.pt\/wp-content\/uploads\/2023\/11\/Fosforos-Hemostaticos-Carteira-20-un.jpg","width":960,"height":960},{"@type":"BreadcrumbList","@id":"https:\/\/ohnia.com.pt\/ohnia-cosmetic-produtos-beleza-moda-glamour-cabeleireira-barbeiro-manicure-pedicure\/fosforos-hemostaticos-thawas\/#breadcrumb","itemListElement":[{"@type":"ListItem","position":1,"name":"In\u00edcio","item":"https:\/\/ohnia.com.pt\/"},{"@type":"ListItem","position":2,"name":"Loja","item":"https:\/\/ohnia.com.pt\/"},{"@type":"ListItem","position":3,"name":"F\u00f3sforos Hemost\u00e1ticos,"}]},{"@type":"WebSite","@id":"https:\/\/ohnia.com.pt\/#website","url":"https:\/\/ohnia.com.pt\/","name":"Ohnia","description":"A Beleza de um Clique!","publisher":{"@id":"https:\/\/ohnia.com.pt\/#organization"},"potentialAction":[{"@type":"SearchAction","target":{"@type":"EntryPoint","urlTemplate":"https:\/\/ohnia.com.pt\/?s={search_term_string}"},"query-input":{"@type":"PropertyValueSpecification","valueRequired":true,"valueName":"search_term_string"}}],"inLanguage":"en-GB"},{"@type":"Organization","@id":"https:\/\/ohnia.com.pt\/#organization","name":"Ohnia","url":"https:\/\/ohnia.com.pt\/","logo":{"@type":"ImageObject","inLanguage":"en-GB","@id":"https:\/\/ohnia.com.pt\/#\/schema\/logo\/image\/","url":"https:\/\/ohnia.com.pt\/wp-content\/uploads\/2025\/04\/OhniaSimples.png","contentUrl":"https:\/\/ohnia.com.pt\/wp-content\/uploads\/2025\/04\/OhniaSimples.png","width":1024,"height":1024,"caption":"Ohnia"},"image":{"@id":"https:\/\/ohnia.com.pt\/#\/schema\/logo\/image\/"},"sameAs":["https:\/\/www.facebook.com\/edcosmetic.pt\/"]}]}},"_links":{"self":[{"href":"https:\/\/ohnia.com.pt\/en\/wp-json\/wp\/v2\/product\/511","targetHints":{"allow":["GET"]}}],"collection":[{"href":"https:\/\/ohnia.com.pt\/en\/wp-json\/wp\/v2\/product"}],"about":[{"href":"https:\/\/ohnia.com.pt\/en\/wp-json\/wp\/v2\/types\/product"}],"replies":[{"embeddable":true,"href":"https:\/\/ohnia.com.pt\/en\/wp-json\/wp\/v2\/comments?post=511"}],"version-history":[{"count":4,"href":"https:\/\/ohnia.com.pt\/en\/wp-json\/wp\/v2\/product\/511\/revisions"}],"predecessor-version":[{"id":9515,"href":"https:\/\/ohnia.com.pt\/en\/wp-json\/wp\/v2\/product\/511\/revisions\/9515"}],"wp:featuredmedia":[{"embeddable":true,"href":"https:\/\/ohnia.com.pt\/en\/wp-json\/wp\/v2\/media\/7448"}],"wp:attachment":[{"href":"https:\/\/ohnia.com.pt\/en\/wp-json\/wp\/v2\/media?parent=511"}],"wp:term":[{"taxonomy":"product_brand","embeddable":true,"href":"https:\/\/ohnia.com.pt\/en\/wp-json\/wp\/v2\/product_brand?post=511"},{"taxonomy":"product_cat","embeddable":true,"href":"https:\/\/ohnia.com.pt\/en\/wp-json\/wp\/v2\/product_cat?post=511"},{"taxonomy":"product_tag","embeddable":true,"href":"https:\/\/ohnia.com.pt\/en\/wp-json\/wp\/v2\/product_tag?post=511"}],"curies":[{"name":"wp","href":"https:\/\/api.w.org\/{rel}","templated":true}]}}