{"id":237,"date":"2018-10-06T15:22:29","date_gmt":"2018-10-06T15:22:29","guid":{"rendered":"http:\/\/edcosmetic.com\/produto\/import-placeholder-for-2020\/"},"modified":"2025-07-24T17:12:24","modified_gmt":"2025-07-24T17:12:24","slug":"kosswell-olio-macadamia-100-ml","status":"publish","type":"product","link":"https:\/\/ohnia.com.pt\/en\/ohnia-cosmetic-produtos-beleza-moda-glamour-cabeleireira-barbeiro-manicure-pedicure\/kosswell-olio-macadamia-100-ml\/","title":{"rendered":"\u00d3leo Macadamia Kosswell 100 ML"},"content":{"rendered":"<p>\u201cF\u00f3rmula \u00fanica com \u00f3leo de macad\u00e2mia e azeite de argan. Devolve ao cabelo toda a sua resist\u00eancia, for\u00e7a e elasticidade. Ela nutre e proporciona brilho instant\u00e2neo. Revitaliza o cabelo \u00e1spero, seco e crespos. Proporciona condicionamento duradouro sem deixar res\u00edduos. Ultra macio, cabelos mais saud\u00e1veis e mais saud\u00e1vel, brilhante e sedoso. Textura: fluido Luz e \u00f3leo. R\u00e1pida absor\u00e7\u00e3o. Hidrata, d\u00e1 brilho e ilumina em tratamentos de cor.\u201d<\/p>","protected":false},"excerpt":{"rendered":"<p>\u201cRevitalize seu cabelo do principio ao fim com um \u00f3leo sublime: o cabelo saud\u00e1vel, brilhante e sedoso. Todas as prote\u00ednas, vitaminas, \u00e1cidos grasos e antioxidantes que seu cabelo precisa. \u201c<\/p>","protected":false},"featured_media":127,"comment_status":"open","ping_status":"closed","template":"","meta":{"_joinchat":[]},"product_brand":[],"product_cat":[17,63,161,29],"product_tag":[42],"class_list":{"0":"post-237","1":"product","2":"type-product","3":"status-publish","4":"has-post-thumbnail","6":"product_cat-cabelo","7":"product_cat-complementos-de-cabeleireiro","8":"product_cat-todos","9":"product_cat-tratamento-de-cabelos","10":"product_tag-oleo-finalizante","12":"first","13":"instock","14":"sold-individually","15":"taxable","16":"shipping-taxable","17":"purchasable","18":"product-type-simple"},"yoast_head":"<!-- This site is optimized with the Yoast SEO plugin v26.7 - https:\/\/yoast.com\/wordpress\/plugins\/seo\/ -->\n<title>\u00d3leo Macadamia Kosswell 100 ML - ohnia<\/title>\n<meta name=\"robots\" content=\"index, follow, max-snippet:-1, max-image-preview:large, max-video-preview:-1\" \/>\n<link rel=\"canonical\" href=\"https:\/\/ohnia.com.pt\/en\/ohnia-cosmetic-produtos-beleza-moda-glamour-cabeleireira-barbeiro-manicure-pedicure\/kosswell-olio-macadamia-100-ml\/\" \/>\n<meta property=\"og:locale\" content=\"en_GB\" \/>\n<meta property=\"og:type\" content=\"article\" \/>\n<meta property=\"og:title\" content=\"\u00d3leo Macadamia Kosswell 100 ML - ohnia\" \/>\n<meta property=\"og:description\" content=\"\u201cRevitalize seu cabelo do principio ao fim com um \u00f3leo sublime: o cabelo saud\u00e1vel, brilhante e sedoso. Todas as prote\u00ednas, vitaminas, \u00e1cidos grasos e antioxidantes que seu cabelo precisa. \u201c\" \/>\n<meta property=\"og:url\" content=\"https:\/\/ohnia.com.pt\/en\/ohnia-cosmetic-produtos-beleza-moda-glamour-cabeleireira-barbeiro-manicure-pedicure\/kosswell-olio-macadamia-100-ml\/\" \/>\n<meta property=\"og:site_name\" content=\"ohnia\" \/>\n<meta property=\"article:publisher\" content=\"https:\/\/www.facebook.com\/edcosmetic.pt\/\" \/>\n<meta property=\"article:modified_time\" content=\"2025-07-24T17:12:24+00:00\" \/>\n<meta property=\"og:image\" content=\"https:\/\/ohnia.com.pt\/wp-content\/uploads\/2018\/fotos_produtos\/8437010135682.jpg\" \/>\n\t<meta property=\"og:image:width\" content=\"1200\" \/>\n\t<meta property=\"og:image:height\" content=\"1200\" \/>\n\t<meta property=\"og:image:type\" content=\"image\/jpeg\" \/>\n<meta name=\"twitter:card\" content=\"summary_large_image\" \/>\n<meta name=\"twitter:label1\" content=\"Estimated reading time\" \/>\n\t<meta name=\"twitter:data1\" content=\"1 minute\" \/>\n<script type=\"application\/ld+json\" class=\"yoast-schema-graph\">{\"@context\":\"https:\/\/schema.org\",\"@graph\":[{\"@type\":\"WebPage\",\"@id\":\"https:\/\/ohnia.com.pt\/ohnia-cosmetic-produtos-beleza-moda-glamour-cabeleireira-barbeiro-manicure-pedicure\/kosswell-olio-macadamia-100-ml\/\",\"url\":\"https:\/\/ohnia.com.pt\/ohnia-cosmetic-produtos-beleza-moda-glamour-cabeleireira-barbeiro-manicure-pedicure\/kosswell-olio-macadamia-100-ml\/\",\"name\":\"\u00d3leo Macadamia Kosswell 100 ML - ohnia\",\"isPartOf\":{\"@id\":\"https:\/\/ohnia.com.pt\/#website\"},\"primaryImageOfPage\":{\"@id\":\"https:\/\/ohnia.com.pt\/ohnia-cosmetic-produtos-beleza-moda-glamour-cabeleireira-barbeiro-manicure-pedicure\/kosswell-olio-macadamia-100-ml\/#primaryimage\"},\"image\":{\"@id\":\"https:\/\/ohnia.com.pt\/ohnia-cosmetic-produtos-beleza-moda-glamour-cabeleireira-barbeiro-manicure-pedicure\/kosswell-olio-macadamia-100-ml\/#primaryimage\"},\"thumbnailUrl\":\"https:\/\/ohnia.com.pt\/wp-content\/uploads\/2018\/fotos_produtos\/8437010135682.jpg\",\"datePublished\":\"2018-10-06T15:22:29+00:00\",\"dateModified\":\"2025-07-24T17:12:24+00:00\",\"breadcrumb\":{\"@id\":\"https:\/\/ohnia.com.pt\/ohnia-cosmetic-produtos-beleza-moda-glamour-cabeleireira-barbeiro-manicure-pedicure\/kosswell-olio-macadamia-100-ml\/#breadcrumb\"},\"inLanguage\":\"en-GB\",\"potentialAction\":[{\"@type\":\"ReadAction\",\"target\":[\"https:\/\/ohnia.com.pt\/ohnia-cosmetic-produtos-beleza-moda-glamour-cabeleireira-barbeiro-manicure-pedicure\/kosswell-olio-macadamia-100-ml\/\"]}]},{\"@type\":\"ImageObject\",\"inLanguage\":\"en-GB\",\"@id\":\"https:\/\/ohnia.com.pt\/ohnia-cosmetic-produtos-beleza-moda-glamour-cabeleireira-barbeiro-manicure-pedicure\/kosswell-olio-macadamia-100-ml\/#primaryimage\",\"url\":\"https:\/\/ohnia.com.pt\/wp-content\/uploads\/2018\/fotos_produtos\/8437010135682.jpg\",\"contentUrl\":\"https:\/\/ohnia.com.pt\/wp-content\/uploads\/2018\/fotos_produtos\/8437010135682.jpg\",\"width\":1200,\"height\":1200},{\"@type\":\"BreadcrumbList\",\"@id\":\"https:\/\/ohnia.com.pt\/ohnia-cosmetic-produtos-beleza-moda-glamour-cabeleireira-barbeiro-manicure-pedicure\/kosswell-olio-macadamia-100-ml\/#breadcrumb\",\"itemListElement\":[{\"@type\":\"ListItem\",\"position\":1,\"name\":\"In\u00edcio\",\"item\":\"https:\/\/ohnia.com.pt\/\"},{\"@type\":\"ListItem\",\"position\":2,\"name\":\"Loja\",\"item\":\"https:\/\/ohnia.com.pt\/\"},{\"@type\":\"ListItem\",\"position\":3,\"name\":\"\u00d3leo Macadamia Kosswell 100 ML\"}]},{\"@type\":\"WebSite\",\"@id\":\"https:\/\/ohnia.com.pt\/#website\",\"url\":\"https:\/\/ohnia.com.pt\/\",\"name\":\"Ohnia\",\"description\":\"A Beleza de um Clique!\",\"publisher\":{\"@id\":\"https:\/\/ohnia.com.pt\/#organization\"},\"potentialAction\":[{\"@type\":\"SearchAction\",\"target\":{\"@type\":\"EntryPoint\",\"urlTemplate\":\"https:\/\/ohnia.com.pt\/?s={search_term_string}\"},\"query-input\":{\"@type\":\"PropertyValueSpecification\",\"valueRequired\":true,\"valueName\":\"search_term_string\"}}],\"inLanguage\":\"en-GB\"},{\"@type\":\"Organization\",\"@id\":\"https:\/\/ohnia.com.pt\/#organization\",\"name\":\"Ohnia\",\"url\":\"https:\/\/ohnia.com.pt\/\",\"logo\":{\"@type\":\"ImageObject\",\"inLanguage\":\"en-GB\",\"@id\":\"https:\/\/ohnia.com.pt\/#\/schema\/logo\/image\/\",\"url\":\"https:\/\/ohnia.com.pt\/wp-content\/uploads\/2025\/04\/OhniaSimples.png\",\"contentUrl\":\"https:\/\/ohnia.com.pt\/wp-content\/uploads\/2025\/04\/OhniaSimples.png\",\"width\":1024,\"height\":1024,\"caption\":\"Ohnia\"},\"image\":{\"@id\":\"https:\/\/ohnia.com.pt\/#\/schema\/logo\/image\/\"},\"sameAs\":[\"https:\/\/www.facebook.com\/edcosmetic.pt\/\"]}]}<\/script>\n<!-- \/ Yoast SEO plugin. -->","yoast_head_json":{"title":"\u00d3leo Macadamia Kosswell 100 ML - ohnia","robots":{"index":"index","follow":"follow","max-snippet":"max-snippet:-1","max-image-preview":"max-image-preview:large","max-video-preview":"max-video-preview:-1"},"canonical":"https:\/\/ohnia.com.pt\/en\/ohnia-cosmetic-produtos-beleza-moda-glamour-cabeleireira-barbeiro-manicure-pedicure\/kosswell-olio-macadamia-100-ml\/","og_locale":"en_GB","og_type":"article","og_title":"\u00d3leo Macadamia Kosswell 100 ML - ohnia","og_description":"\u201cRevitalize seu cabelo do principio ao fim com um \u00f3leo sublime: o cabelo saud\u00e1vel, brilhante e sedoso. Todas as prote\u00ednas, vitaminas, \u00e1cidos grasos e antioxidantes que seu cabelo precisa. \u201c","og_url":"https:\/\/ohnia.com.pt\/en\/ohnia-cosmetic-produtos-beleza-moda-glamour-cabeleireira-barbeiro-manicure-pedicure\/kosswell-olio-macadamia-100-ml\/","og_site_name":"ohnia","article_publisher":"https:\/\/www.facebook.com\/edcosmetic.pt\/","article_modified_time":"2025-07-24T17:12:24+00:00","og_image":[{"width":1200,"height":1200,"url":"https:\/\/ohnia.com.pt\/wp-content\/uploads\/2018\/fotos_produtos\/8437010135682.jpg","type":"image\/jpeg"}],"twitter_card":"summary_large_image","twitter_misc":{"Estimated reading time":"1 minute"},"schema":{"@context":"https:\/\/schema.org","@graph":[{"@type":"WebPage","@id":"https:\/\/ohnia.com.pt\/ohnia-cosmetic-produtos-beleza-moda-glamour-cabeleireira-barbeiro-manicure-pedicure\/kosswell-olio-macadamia-100-ml\/","url":"https:\/\/ohnia.com.pt\/ohnia-cosmetic-produtos-beleza-moda-glamour-cabeleireira-barbeiro-manicure-pedicure\/kosswell-olio-macadamia-100-ml\/","name":"\u00d3leo Macadamia Kosswell 100 ML - ohnia","isPartOf":{"@id":"https:\/\/ohnia.com.pt\/#website"},"primaryImageOfPage":{"@id":"https:\/\/ohnia.com.pt\/ohnia-cosmetic-produtos-beleza-moda-glamour-cabeleireira-barbeiro-manicure-pedicure\/kosswell-olio-macadamia-100-ml\/#primaryimage"},"image":{"@id":"https:\/\/ohnia.com.pt\/ohnia-cosmetic-produtos-beleza-moda-glamour-cabeleireira-barbeiro-manicure-pedicure\/kosswell-olio-macadamia-100-ml\/#primaryimage"},"thumbnailUrl":"https:\/\/ohnia.com.pt\/wp-content\/uploads\/2018\/fotos_produtos\/8437010135682.jpg","datePublished":"2018-10-06T15:22:29+00:00","dateModified":"2025-07-24T17:12:24+00:00","breadcrumb":{"@id":"https:\/\/ohnia.com.pt\/ohnia-cosmetic-produtos-beleza-moda-glamour-cabeleireira-barbeiro-manicure-pedicure\/kosswell-olio-macadamia-100-ml\/#breadcrumb"},"inLanguage":"en-GB","potentialAction":[{"@type":"ReadAction","target":["https:\/\/ohnia.com.pt\/ohnia-cosmetic-produtos-beleza-moda-glamour-cabeleireira-barbeiro-manicure-pedicure\/kosswell-olio-macadamia-100-ml\/"]}]},{"@type":"ImageObject","inLanguage":"en-GB","@id":"https:\/\/ohnia.com.pt\/ohnia-cosmetic-produtos-beleza-moda-glamour-cabeleireira-barbeiro-manicure-pedicure\/kosswell-olio-macadamia-100-ml\/#primaryimage","url":"https:\/\/ohnia.com.pt\/wp-content\/uploads\/2018\/fotos_produtos\/8437010135682.jpg","contentUrl":"https:\/\/ohnia.com.pt\/wp-content\/uploads\/2018\/fotos_produtos\/8437010135682.jpg","width":1200,"height":1200},{"@type":"BreadcrumbList","@id":"https:\/\/ohnia.com.pt\/ohnia-cosmetic-produtos-beleza-moda-glamour-cabeleireira-barbeiro-manicure-pedicure\/kosswell-olio-macadamia-100-ml\/#breadcrumb","itemListElement":[{"@type":"ListItem","position":1,"name":"In\u00edcio","item":"https:\/\/ohnia.com.pt\/"},{"@type":"ListItem","position":2,"name":"Loja","item":"https:\/\/ohnia.com.pt\/"},{"@type":"ListItem","position":3,"name":"\u00d3leo Macadamia Kosswell 100 ML"}]},{"@type":"WebSite","@id":"https:\/\/ohnia.com.pt\/#website","url":"https:\/\/ohnia.com.pt\/","name":"Ohnia","description":"A Beleza de um Clique!","publisher":{"@id":"https:\/\/ohnia.com.pt\/#organization"},"potentialAction":[{"@type":"SearchAction","target":{"@type":"EntryPoint","urlTemplate":"https:\/\/ohnia.com.pt\/?s={search_term_string}"},"query-input":{"@type":"PropertyValueSpecification","valueRequired":true,"valueName":"search_term_string"}}],"inLanguage":"en-GB"},{"@type":"Organization","@id":"https:\/\/ohnia.com.pt\/#organization","name":"Ohnia","url":"https:\/\/ohnia.com.pt\/","logo":{"@type":"ImageObject","inLanguage":"en-GB","@id":"https:\/\/ohnia.com.pt\/#\/schema\/logo\/image\/","url":"https:\/\/ohnia.com.pt\/wp-content\/uploads\/2025\/04\/OhniaSimples.png","contentUrl":"https:\/\/ohnia.com.pt\/wp-content\/uploads\/2025\/04\/OhniaSimples.png","width":1024,"height":1024,"caption":"Ohnia"},"image":{"@id":"https:\/\/ohnia.com.pt\/#\/schema\/logo\/image\/"},"sameAs":["https:\/\/www.facebook.com\/edcosmetic.pt\/"]}]}},"_links":{"self":[{"href":"https:\/\/ohnia.com.pt\/en\/wp-json\/wp\/v2\/product\/237","targetHints":{"allow":["GET"]}}],"collection":[{"href":"https:\/\/ohnia.com.pt\/en\/wp-json\/wp\/v2\/product"}],"about":[{"href":"https:\/\/ohnia.com.pt\/en\/wp-json\/wp\/v2\/types\/product"}],"replies":[{"embeddable":true,"href":"https:\/\/ohnia.com.pt\/en\/wp-json\/wp\/v2\/comments?post=237"}],"version-history":[{"count":2,"href":"https:\/\/ohnia.com.pt\/en\/wp-json\/wp\/v2\/product\/237\/revisions"}],"predecessor-version":[{"id":8986,"href":"https:\/\/ohnia.com.pt\/en\/wp-json\/wp\/v2\/product\/237\/revisions\/8986"}],"wp:featuredmedia":[{"embeddable":true,"href":"https:\/\/ohnia.com.pt\/en\/wp-json\/wp\/v2\/media\/127"}],"wp:attachment":[{"href":"https:\/\/ohnia.com.pt\/en\/wp-json\/wp\/v2\/media?parent=237"}],"wp:term":[{"taxonomy":"product_brand","embeddable":true,"href":"https:\/\/ohnia.com.pt\/en\/wp-json\/wp\/v2\/product_brand?post=237"},{"taxonomy":"product_cat","embeddable":true,"href":"https:\/\/ohnia.com.pt\/en\/wp-json\/wp\/v2\/product_cat?post=237"},{"taxonomy":"product_tag","embeddable":true,"href":"https:\/\/ohnia.com.pt\/en\/wp-json\/wp\/v2\/product_tag?post=237"}],"curies":[{"name":"wp","href":"https:\/\/api.w.org\/{rel}","templated":true}]}}