{"id":6824,"date":"2023-09-19T19:18:32","date_gmt":"2023-09-19T19:18:32","guid":{"rendered":"https:\/\/ohnia.com.pt\/?page_id=6824"},"modified":"2023-10-02T21:33:51","modified_gmt":"2023-10-02T21:33:51","slug":"sobre-nos","status":"publish","type":"page","link":"https:\/\/ohnia.com.pt\/en\/sobre-nos\/","title":{"rendered":"Sobre N\u00f3s"},"content":{"rendered":"<p class=\"has-medium-font-size\">Somos uma empresa especializada em vendas online de Produtos, Acess\u00f3rios e equipamentos e el\u00e9tricos de Cabeleireiro, tanto para clientes finais como para empresas, revendedores e distribuidores.<br><br>Temos o compromisso de oferecer aos nossos clientes um servi\u00e7o de qualidade em todas as \u00e1reas de venda, visando satisfazer as suas necessidades.<br><br>Para isso, todos os dias aplicamos o nosso conhecimento adquirido no mercado, investindo na melhoria cont\u00ednua do nosso servi\u00e7o e na pesquisa de novos produtos.<\/p>\n\n\n\n<p><strong><span style=\"text-decoration: underline;\">ED COSMETIC \u2013 Produtos e Acess\u00f3rios de Cabeleireiro, Lda<\/span><\/strong><\/p>\n\n\n\n<p>Morada:<br>Estrada da Liberdade n\u00ba 23 A<br>Alqueid\u00e3o do Mato<br>2025-140 Alcanede \u2013 Santar\u00e9m<\/p>\n\n\n\n<p>Telem\u00f3vel:<br>+351 911 937 501 <em>(Chamada para a rede m\u00f3vel nacional)<\/em><\/p>\n\n\n\n<p>Email: <br><a href=\"mailto:ohnia.2012@gmail.com\">ohnia.2012@gmail.com<\/a><\/p>\n\n\n\n<p><\/p>\n\n\n\n<figure class=\"wp-block-image size-full\"><img fetchpriority=\"high\" decoding=\"async\" width=\"1024\" height=\"341\" src=\"https:\/\/ohnia.com.pt\/wp-content\/uploads\/2023\/08\/banner1_ohnia.jpg\" alt=\"\" class=\"wp-image-6506\" srcset=\"https:\/\/ohnia.com.pt\/wp-content\/uploads\/2023\/08\/banner1_ohnia.jpg 1024w, https:\/\/ohnia.com.pt\/wp-content\/uploads\/2023\/08\/banner1_ohnia-300x100.jpg 300w, https:\/\/ohnia.com.pt\/wp-content\/uploads\/2023\/08\/banner1_ohnia-768x256.jpg 768w, https:\/\/ohnia.com.pt\/wp-content\/uploads\/2023\/08\/banner1_ohnia-600x200.jpg 600w, https:\/\/ohnia.com.pt\/wp-content\/uploads\/2023\/08\/banner1_ohnia-180x60.jpg 180w, https:\/\/ohnia.com.pt\/wp-content\/uploads\/2023\/08\/banner1_ohnia-270x90.jpg 270w\" sizes=\"(max-width: 1024px) 100vw, 1024px\" \/><\/figure>","protected":false},"excerpt":{"rendered":"<p>Somos uma empresa especializada em vendas online de Produtos, Acess\u00f3rios e equipamentos e el\u00e9tricos de Cabeleireiro, tanto para clientes finais como para empresas, revendedores e distribuidores. Temos o compromisso de oferecer aos nossos clientes um servi\u00e7o de qualidade em todas as \u00e1reas de venda, visando satisfazer as suas necessidades. Para isso, todos os dias aplicamos [&hellip;]<\/p>\n","protected":false},"author":1,"featured_media":6506,"parent":0,"menu_order":0,"comment_status":"closed","ping_status":"closed","template":"","meta":{"_joinchat":[],"footnotes":""},"class_list":["post-6824","page","type-page","status-publish","has-post-thumbnail","hentry"],"yoast_head":"<!-- This site is optimized with the Yoast SEO plugin v26.7 - https:\/\/yoast.com\/wordpress\/plugins\/seo\/ -->\n<title>Sobre N\u00f3s - ohnia<\/title>\n<meta name=\"robots\" content=\"index, follow, max-snippet:-1, max-image-preview:large, max-video-preview:-1\" \/>\n<link rel=\"canonical\" href=\"https:\/\/ohnia.com.pt\/en\/sobre-nos\/\" \/>\n<meta property=\"og:locale\" content=\"en_GB\" \/>\n<meta property=\"og:type\" content=\"article\" \/>\n<meta property=\"og:title\" content=\"Sobre N\u00f3s - ohnia\" \/>\n<meta property=\"og:description\" content=\"Somos uma empresa especializada em vendas online de Produtos, Acess\u00f3rios e equipamentos e el\u00e9tricos de Cabeleireiro, tanto para clientes finais como para empresas, revendedores e distribuidores. Temos o compromisso de oferecer aos nossos clientes um servi\u00e7o de qualidade em todas as \u00e1reas de venda, visando satisfazer as suas necessidades. Para isso, todos os dias aplicamos [&hellip;]\" \/>\n<meta property=\"og:url\" content=\"https:\/\/ohnia.com.pt\/en\/sobre-nos\/\" \/>\n<meta property=\"og:site_name\" content=\"ohnia\" \/>\n<meta property=\"article:publisher\" content=\"https:\/\/www.facebook.com\/edcosmetic.pt\/\" \/>\n<meta property=\"article:modified_time\" content=\"2023-10-02T21:33:51+00:00\" \/>\n<meta property=\"og:image\" content=\"https:\/\/ohnia.com.pt\/wp-content\/uploads\/2023\/08\/banner1_ohnia.jpg\" \/>\n\t<meta property=\"og:image:width\" content=\"1024\" \/>\n\t<meta property=\"og:image:height\" content=\"341\" \/>\n\t<meta property=\"og:image:type\" content=\"image\/jpeg\" \/>\n<meta name=\"twitter:card\" content=\"summary_large_image\" \/>\n<meta name=\"twitter:label1\" content=\"Estimated reading time\" \/>\n\t<meta name=\"twitter:data1\" content=\"1 minute\" \/>\n<script type=\"application\/ld+json\" class=\"yoast-schema-graph\">{\"@context\":\"https:\/\/schema.org\",\"@graph\":[{\"@type\":\"WebPage\",\"@id\":\"https:\/\/ohnia.com.pt\/sobre-nos\/\",\"url\":\"https:\/\/ohnia.com.pt\/sobre-nos\/\",\"name\":\"Sobre N\u00f3s - ohnia\",\"isPartOf\":{\"@id\":\"https:\/\/ohnia.com.pt\/#website\"},\"primaryImageOfPage\":{\"@id\":\"https:\/\/ohnia.com.pt\/sobre-nos\/#primaryimage\"},\"image\":{\"@id\":\"https:\/\/ohnia.com.pt\/sobre-nos\/#primaryimage\"},\"thumbnailUrl\":\"https:\/\/ohnia.com.pt\/wp-content\/uploads\/2023\/08\/banner1_ohnia.jpg\",\"datePublished\":\"2023-09-19T19:18:32+00:00\",\"dateModified\":\"2023-10-02T21:33:51+00:00\",\"breadcrumb\":{\"@id\":\"https:\/\/ohnia.com.pt\/sobre-nos\/#breadcrumb\"},\"inLanguage\":\"en-GB\",\"potentialAction\":[{\"@type\":\"ReadAction\",\"target\":[\"https:\/\/ohnia.com.pt\/sobre-nos\/\"]}]},{\"@type\":\"ImageObject\",\"inLanguage\":\"en-GB\",\"@id\":\"https:\/\/ohnia.com.pt\/sobre-nos\/#primaryimage\",\"url\":\"https:\/\/ohnia.com.pt\/wp-content\/uploads\/2023\/08\/banner1_ohnia.jpg\",\"contentUrl\":\"https:\/\/ohnia.com.pt\/wp-content\/uploads\/2023\/08\/banner1_ohnia.jpg\",\"width\":1024,\"height\":341},{\"@type\":\"BreadcrumbList\",\"@id\":\"https:\/\/ohnia.com.pt\/sobre-nos\/#breadcrumb\",\"itemListElement\":[{\"@type\":\"ListItem\",\"position\":1,\"name\":\"In\u00edcio\",\"item\":\"https:\/\/ohnia.com.pt\/\"},{\"@type\":\"ListItem\",\"position\":2,\"name\":\"Sobre N\u00f3s\"}]},{\"@type\":\"WebSite\",\"@id\":\"https:\/\/ohnia.com.pt\/#website\",\"url\":\"https:\/\/ohnia.com.pt\/\",\"name\":\"Ohnia\",\"description\":\"A Beleza de um Clique!\",\"publisher\":{\"@id\":\"https:\/\/ohnia.com.pt\/#organization\"},\"potentialAction\":[{\"@type\":\"SearchAction\",\"target\":{\"@type\":\"EntryPoint\",\"urlTemplate\":\"https:\/\/ohnia.com.pt\/?s={search_term_string}\"},\"query-input\":{\"@type\":\"PropertyValueSpecification\",\"valueRequired\":true,\"valueName\":\"search_term_string\"}}],\"inLanguage\":\"en-GB\"},{\"@type\":\"Organization\",\"@id\":\"https:\/\/ohnia.com.pt\/#organization\",\"name\":\"Ohnia\",\"url\":\"https:\/\/ohnia.com.pt\/\",\"logo\":{\"@type\":\"ImageObject\",\"inLanguage\":\"en-GB\",\"@id\":\"https:\/\/ohnia.com.pt\/#\/schema\/logo\/image\/\",\"url\":\"https:\/\/ohnia.com.pt\/wp-content\/uploads\/2025\/04\/OhniaSimples.png\",\"contentUrl\":\"https:\/\/ohnia.com.pt\/wp-content\/uploads\/2025\/04\/OhniaSimples.png\",\"width\":1024,\"height\":1024,\"caption\":\"Ohnia\"},\"image\":{\"@id\":\"https:\/\/ohnia.com.pt\/#\/schema\/logo\/image\/\"},\"sameAs\":[\"https:\/\/www.facebook.com\/edcosmetic.pt\/\"]}]}<\/script>\n<!-- \/ Yoast SEO plugin. -->","yoast_head_json":{"title":"Sobre N\u00f3s - ohnia","robots":{"index":"index","follow":"follow","max-snippet":"max-snippet:-1","max-image-preview":"max-image-preview:large","max-video-preview":"max-video-preview:-1"},"canonical":"https:\/\/ohnia.com.pt\/en\/sobre-nos\/","og_locale":"en_GB","og_type":"article","og_title":"Sobre N\u00f3s - ohnia","og_description":"Somos uma empresa especializada em vendas online de Produtos, Acess\u00f3rios e equipamentos e el\u00e9tricos de Cabeleireiro, tanto para clientes finais como para empresas, revendedores e distribuidores. Temos o compromisso de oferecer aos nossos clientes um servi\u00e7o de qualidade em todas as \u00e1reas de venda, visando satisfazer as suas necessidades. Para isso, todos os dias aplicamos [&hellip;]","og_url":"https:\/\/ohnia.com.pt\/en\/sobre-nos\/","og_site_name":"ohnia","article_publisher":"https:\/\/www.facebook.com\/edcosmetic.pt\/","article_modified_time":"2023-10-02T21:33:51+00:00","og_image":[{"width":1024,"height":341,"url":"https:\/\/ohnia.com.pt\/wp-content\/uploads\/2023\/08\/banner1_ohnia.jpg","type":"image\/jpeg"}],"twitter_card":"summary_large_image","twitter_misc":{"Estimated reading time":"1 minute"},"schema":{"@context":"https:\/\/schema.org","@graph":[{"@type":"WebPage","@id":"https:\/\/ohnia.com.pt\/sobre-nos\/","url":"https:\/\/ohnia.com.pt\/sobre-nos\/","name":"Sobre N\u00f3s - ohnia","isPartOf":{"@id":"https:\/\/ohnia.com.pt\/#website"},"primaryImageOfPage":{"@id":"https:\/\/ohnia.com.pt\/sobre-nos\/#primaryimage"},"image":{"@id":"https:\/\/ohnia.com.pt\/sobre-nos\/#primaryimage"},"thumbnailUrl":"https:\/\/ohnia.com.pt\/wp-content\/uploads\/2023\/08\/banner1_ohnia.jpg","datePublished":"2023-09-19T19:18:32+00:00","dateModified":"2023-10-02T21:33:51+00:00","breadcrumb":{"@id":"https:\/\/ohnia.com.pt\/sobre-nos\/#breadcrumb"},"inLanguage":"en-GB","potentialAction":[{"@type":"ReadAction","target":["https:\/\/ohnia.com.pt\/sobre-nos\/"]}]},{"@type":"ImageObject","inLanguage":"en-GB","@id":"https:\/\/ohnia.com.pt\/sobre-nos\/#primaryimage","url":"https:\/\/ohnia.com.pt\/wp-content\/uploads\/2023\/08\/banner1_ohnia.jpg","contentUrl":"https:\/\/ohnia.com.pt\/wp-content\/uploads\/2023\/08\/banner1_ohnia.jpg","width":1024,"height":341},{"@type":"BreadcrumbList","@id":"https:\/\/ohnia.com.pt\/sobre-nos\/#breadcrumb","itemListElement":[{"@type":"ListItem","position":1,"name":"In\u00edcio","item":"https:\/\/ohnia.com.pt\/"},{"@type":"ListItem","position":2,"name":"Sobre N\u00f3s"}]},{"@type":"WebSite","@id":"https:\/\/ohnia.com.pt\/#website","url":"https:\/\/ohnia.com.pt\/","name":"Ohnia","description":"A Beleza de um Clique!","publisher":{"@id":"https:\/\/ohnia.com.pt\/#organization"},"potentialAction":[{"@type":"SearchAction","target":{"@type":"EntryPoint","urlTemplate":"https:\/\/ohnia.com.pt\/?s={search_term_string}"},"query-input":{"@type":"PropertyValueSpecification","valueRequired":true,"valueName":"search_term_string"}}],"inLanguage":"en-GB"},{"@type":"Organization","@id":"https:\/\/ohnia.com.pt\/#organization","name":"Ohnia","url":"https:\/\/ohnia.com.pt\/","logo":{"@type":"ImageObject","inLanguage":"en-GB","@id":"https:\/\/ohnia.com.pt\/#\/schema\/logo\/image\/","url":"https:\/\/ohnia.com.pt\/wp-content\/uploads\/2025\/04\/OhniaSimples.png","contentUrl":"https:\/\/ohnia.com.pt\/wp-content\/uploads\/2025\/04\/OhniaSimples.png","width":1024,"height":1024,"caption":"Ohnia"},"image":{"@id":"https:\/\/ohnia.com.pt\/#\/schema\/logo\/image\/"},"sameAs":["https:\/\/www.facebook.com\/edcosmetic.pt\/"]}]}},"_links":{"self":[{"href":"https:\/\/ohnia.com.pt\/en\/wp-json\/wp\/v2\/pages\/6824","targetHints":{"allow":["GET"]}}],"collection":[{"href":"https:\/\/ohnia.com.pt\/en\/wp-json\/wp\/v2\/pages"}],"about":[{"href":"https:\/\/ohnia.com.pt\/en\/wp-json\/wp\/v2\/types\/page"}],"author":[{"embeddable":true,"href":"https:\/\/ohnia.com.pt\/en\/wp-json\/wp\/v2\/users\/1"}],"replies":[{"embeddable":true,"href":"https:\/\/ohnia.com.pt\/en\/wp-json\/wp\/v2\/comments?post=6824"}],"version-history":[{"count":3,"href":"https:\/\/ohnia.com.pt\/en\/wp-json\/wp\/v2\/pages\/6824\/revisions"}],"predecessor-version":[{"id":6885,"href":"https:\/\/ohnia.com.pt\/en\/wp-json\/wp\/v2\/pages\/6824\/revisions\/6885"}],"wp:featuredmedia":[{"embeddable":true,"href":"https:\/\/ohnia.com.pt\/en\/wp-json\/wp\/v2\/media\/6506"}],"wp:attachment":[{"href":"https:\/\/ohnia.com.pt\/en\/wp-json\/wp\/v2\/media?parent=6824"}],"curies":[{"name":"wp","href":"https:\/\/api.w.org\/{rel}","templated":true}]}}